{"id":727,"date":"2025-09-17T12:44:05","date_gmt":"2025-09-17T12:44:05","guid":{"rendered":"https:\/\/quadergroup.com\/servicios\/"},"modified":"2025-11-13T10:43:19","modified_gmt":"2025-11-13T10:43:19","slug":"servicios","status":"publish","type":"page","link":"https:\/\/quadergroup.com\/es\/servicios\/","title":{"rendered":"Servicios"},"content":{"rendered":"<p>[et_pb_section fb_built=\u00bb1&#8243; _builder_version=\u00bb4.27.4&#8243; _module_preset=\u00bbdefault\u00bb background_color=\u00bbrgba(10,39,60,0.44)\u00bb background_image=\u00bbhttps:\/\/quadergroup.com\/wp-content\/uploads\/2025\/09\/test.jpg\u00bb background_size=\u00bbcustom\u00bb background_image_width=\u00bb100%\u00bb background_blend=\u00bbmultiply\u00bb custom_margin=\u00bb|30px||30px|false|true\u00bb custom_margin_tablet=\u00bb|30px||30px|false|true\u00bb custom_margin_phone=\u00bb|20px||20px|false|true\u00bb custom_margin_last_edited=\u00bbon|phone\u00bb custom_padding=\u00bb10%||10%||true|false\u00bb background_last_edited=\u00bbon|phone\u00bb background_size_phone=\u00bbcover\u00bb border_radii=\u00bbon|6px|6px|6px|6px\u00bb locked=\u00bboff\u00bb global_colors_info=\u00bb{}\u00bb][et_pb_row custom_padding_last_edited=\u00bbon|phone\u00bb _builder_version=\u00bb4.27.4&#8243; _module_preset=\u00bbdefault\u00bb width=\u00bb90%\u00bb max_width=\u00bb90%\u00bb custom_margin=\u00bb0px||||false|false\u00bb custom_margin_tablet=\u00bb0px||||false|false\u00bb custom_margin_phone=\u00bb60%||0px||false|false\u00bb custom_margin_last_edited=\u00bbon|phone\u00bb custom_padding=\u00bb0px||||false|false\u00bb custom_padding_tablet=\u00bb0px||||false|false\u00bb custom_padding_phone=\u00bb0px||0px||false|false\u00bb locked=\u00bboff\u00bb global_colors_info=\u00bb{}\u00bb][et_pb_column type=\u00bb4_4&#8243; _builder_version=\u00bb4.27.4&#8243; _module_preset=\u00bbdefault\u00bb global_colors_info=\u00bb{}\u00bb][et_pb_text _builder_version=\u00bb4.27.4&#8243; _module_preset=\u00bbdefault\u00bb header_font=\u00bbManrope||||||||\u00bb header_text_color=\u00bb#FFFFFF\u00bb header_font_size=\u00bb48px\u00bb header_2_font=\u00bbManrope|300|||||||\u00bb header_2_text_color=\u00bb#FFFFFF\u00bb header_2_font_size=\u00bb48px\u00bb header_2_letter_spacing=\u00bb-0.5px\u00bb max_width=\u00bb620px\u00bb module_alignment=\u00bbleft\u00bb custom_margin=\u00bb||0.5%||false|false\u00bb custom_padding=\u00bb||0px||false|false\u00bb header_font_size_tablet=\u00bb44px\u00bb header_font_size_phone=\u00bb31px\u00bb header_font_size_last_edited=\u00bbon|phone\u00bb global_colors_info=\u00bb{}\u00bb]<\/p>\n<h1 style=\"text-align: left;\">Ventanilla \u00fanica<\/h1>\n<p>[\/et_pb_text][et_pb_text _builder_version=\u00bb4.27.4&#8243; _module_preset=\u00bbdefault\u00bb text_font=\u00bbManrope|300|||||||\u00bb text_text_color=\u00bb#FFFFFF\u00bb text_font_size=\u00bb24px\u00bb text_line_height=\u00bb1.2em\u00bb header_2_font=\u00bbManrope|300|||||||\u00bb header_2_text_color=\u00bb#FFFFFF\u00bb header_2_font_size=\u00bb24px\u00bb header_2_line_height=\u00bb1.2em\u00bb max_width=\u00bb500px\u00bb module_alignment=\u00bbleft\u00bb custom_margin=\u00bb0px||||false|false\u00bb custom_padding=\u00bb0px||||false|false\u00bb header_2_font_size_tablet=\u00bb24px\u00bb header_2_font_size_phone=\u00bb18px\u00bb header_2_font_size_last_edited=\u00bbon|phone\u00bb global_colors_info=\u00bb{}\u00bb]<\/p>\n<h2>En Quader simplificamos tu proyecto: nos encargamos de todo el proceso: desde la idea hasta la entrega final.<\/h2>\n<p>[\/et_pb_text][\/et_pb_column][\/et_pb_row][\/et_pb_section][et_pb_section fb_built=\u00bb1&#8243; custom_padding_last_edited=\u00bbon|phone\u00bb _builder_version=\u00bb4.27.4&#8243; _module_preset=\u00bbdefault\u00bb custom_padding_tablet=\u00bb\u00bb custom_padding_phone=\u00bb25px||25px||true|false\u00bb global_colors_info=\u00bb{}\u00bb][et_pb_row column_structure=\u00bb1_6,1_6,1_6,1_6,1_6,1_6&#8243; custom_padding_last_edited=\u00bbon|phone\u00bb _builder_version=\u00bb4.27.4&#8243; _module_preset=\u00bbdefault\u00bb width=\u00bb95%\u00bb max_width=\u00bb95%\u00bb custom_padding_tablet=\u00bb\u00bb custom_padding_phone=\u00bb|5%||5%|false|true\u00bb global_colors_info=\u00bb{}\u00bb][et_pb_column type=\u00bb1_6&#8243; _builder_version=\u00bb4.27.4&#8243; _module_preset=\u00bbdefault\u00bb global_colors_info=\u00bb{}\u00bb][et_pb_blurb title=\u00bbPlanificaci\u00f3n, dise\u00f1o y gesti\u00f3n de proyectos\u00bb image=\u00bbhttps:\/\/quadergroup.com\/wp-content\/uploads\/2025\/09\/Isotipo_Transparetnte.png\u00bb image_icon_width=\u00bb20%\u00bb icon_alignment=\u00bbleft\u00bb _builder_version=\u00bb4.27.4&#8243; _module_preset=\u00bbdefault\u00bb header_font=\u00bbManrope||||||||\u00bb header_text_color=\u00bb#0A273C\u00bb header_font_size=\u00bb24px\u00bb body_font=\u00bbManrope||||||||\u00bb body_font_size=\u00bb16px\u00bb global_colors_info=\u00bb{}\u00bb]<\/p>\n<p style=\"text-align: left;\">La planificaci\u00f3n de procesos elimina la improvisaci\u00f3n en la obra.<\/p>\n<p>[\/et_pb_blurb][\/et_pb_column][et_pb_column type=\u00bb1_6&#8243; _builder_version=\u00bb4.27.4&#8243; _module_preset=\u00bbdefault\u00bb global_colors_info=\u00bb{}\u00bb][et_pb_blurb title=\u00bbArquitect\u00f3nica\u00bb image=\u00bbhttps:\/\/quadergroup.com\/wp-content\/uploads\/2025\/09\/Isotipo_Transparetnte.png\u00bb image_icon_width=\u00bb20%\u00bb icon_alignment=\u00bbleft\u00bb _builder_version=\u00bb4.27.4&#8243; _module_preset=\u00bbdefault\u00bb header_font=\u00bbManrope||||||||\u00bb header_text_color=\u00bb#0A273C\u00bb header_font_size=\u00bb24px\u00bb body_font=\u00bbManrope||||||||\u00bb body_font_size=\u00bb16px\u00bb global_colors_info=\u00bb{}\u00bb]<\/p>\n<p>Adaptado a un uso escalable, entorno y dise\u00f1o rentable.<\/p>\n<p>[\/et_pb_blurb][\/et_pb_column][et_pb_column type=\u00bb1_6&#8243; _builder_version=\u00bb4.27.4&#8243; _module_preset=\u00bbdefault\u00bb global_colors_info=\u00bb{}\u00bb][et_pb_blurb title=\u00bbFabricaci\u00f3n\u00bb image=\u00bbhttps:\/\/quadergroup.com\/wp-content\/uploads\/2025\/09\/Isotipo_Transparetnte.png\u00bb image_icon_width=\u00bb20%\u00bb icon_alignment=\u00bbleft\u00bb _builder_version=\u00bb4.27.4&#8243; _module_preset=\u00bbdefault\u00bb header_font=\u00bbManrope||||||||\u00bb header_text_color=\u00bb#0A273C\u00bb header_font_size=\u00bb24px\u00bb body_font=\u00bbManrope||||||||\u00bb body_font_size=\u00bb16px\u00bb global_colors_info=\u00bb{}\u00bb]<\/p>\n<p style=\"text-align: left;\">Producci\u00f3n modular externa con control de calidad.<\/p>\n<p>[\/et_pb_blurb][\/et_pb_column][et_pb_column type=\u00bb1_6&#8243; _builder_version=\u00bb4.27.4&#8243; _module_preset=\u00bbdefault\u00bb global_colors_info=\u00bb{}\u00bb][et_pb_blurb title=\u00bbConstrucci\u00f3n\u00bb image=\u00bbhttps:\/\/quadergroup.com\/wp-content\/uploads\/2025\/09\/Isotipo_Transparetnte.png\u00bb image_icon_width=\u00bb20%\u00bb icon_alignment=\u00bbleft\u00bb _builder_version=\u00bb4.27.4&#8243; _module_preset=\u00bbdefault\u00bb header_font=\u00bbManrope||||||||\u00bb header_text_color=\u00bb#0A273C\u00bb header_font_size=\u00bb24px\u00bb body_font=\u00bbManrope||||||||\u00bb body_font_size=\u00bb16px\u00bb global_colors_info=\u00bb{}\u00bb]<\/p>\n<p style=\"text-align: left;\">Entrega e instalaci\u00f3n coordinadas.<\/p>\n<p>[\/et_pb_blurb][\/et_pb_column][et_pb_column type=\u00bb1_6&#8243; _builder_version=\u00bb4.27.4&#8243; _module_preset=\u00bbdefault\u00bb global_colors_info=\u00bb{}\u00bb][et_pb_blurb title=\u00bbSostenibilidad\u00bb image=\u00bbhttps:\/\/quadergroup.com\/wp-content\/uploads\/2025\/09\/Isotipo_Transparetnte.png\u00bb image_icon_width=\u00bb20%\u00bb icon_alignment=\u00bbleft\u00bb _builder_version=\u00bb4.27.4&#8243; _module_preset=\u00bbdefault\u00bb header_font=\u00bbManrope||||||||\u00bb header_text_color=\u00bb#0A273C\u00bb header_font_size=\u00bb24px\u00bb body_font=\u00bbManrope||||||||\u00bb body_font_size=\u00bb16px\u00bb global_colors_info=\u00bb{}\u00bb]<\/p>\n<p style=\"text-align: left;\">M\u00e9todos eco-conscientes en cada etapa del proceso.<\/p>\n<p>[\/et_pb_blurb][\/et_pb_column][et_pb_column type=\u00bb1_6&#8243; _builder_version=\u00bb4.27.4&#8243; _module_preset=\u00bbdefault\u00bb global_colors_info=\u00bb{}\u00bb][et_pb_blurb title=\u00bbAtenci\u00f3n al cliente\u00bb image=\u00bbhttps:\/\/quadergroup.com\/wp-content\/uploads\/2025\/09\/Isotipo_Transparetnte.png\u00bb image_icon_width=\u00bb20%\u00bb icon_alignment=\u00bbleft\u00bb _builder_version=\u00bb4.27.4&#8243; _module_preset=\u00bbdefault\u00bb header_font=\u00bbManrope||||||||\u00bb header_text_color=\u00bb#0A273C\u00bb header_font_size=\u00bb24px\u00bb body_font=\u00bbManrope||||||||\u00bb body_font_size=\u00bb16px\u00bb global_colors_info=\u00bb{}\u00bb]<\/p>\n<p style=\"text-align: left;\">Asesoramiento desde el concepto hasta la finalizaci\u00f3n.<\/p>\n<p>[\/et_pb_blurb][\/et_pb_column][\/et_pb_row][\/et_pb_section][et_pb_section fb_built=\u00bb1&#8243; admin_label=\u00bbSection Imagenes\u00bb module_id=\u00bbGaleria\u00bb module_class=\u00bbov-carrusel-infinite\u00bb _builder_version=\u00bb4.27.4&#8243; _module_preset=\u00bbdefault\u00bb background_color=\u00bb#000000&#8243; max_width=\u00bb100%\u00bb module_alignment=\u00bbcenter\u00bb overflow-x=\u00bbhidden\u00bb overflow-y=\u00bbhidden\u00bb custom_padding=\u00bb0px||0px|||\u00bb locked=\u00bboff\u00bb collapsed=\u00bboff\u00bb global_colors_info=\u00bb{}\u00bb][et_pb_row _builder_version=\u00bb4.27.4&#8243; _module_preset=\u00bbdefault\u00bb width=\u00bb100%\u00bb max_width=\u00bb100%\u00bb custom_padding=\u00bb0px||0px||true|false\u00bb global_colors_info=\u00bb{}\u00bb][et_pb_column type=\u00bb4_4&#8243; module_class=\u00bbov-item-container\u00bb _builder_version=\u00bb4.27.4&#8243; _module_preset=\u00bbdefault\u00bb global_colors_info=\u00bb{}\u00bb][et_pb_image src=\u00bbhttps:\/\/quadergroup.com\/wp-content\/uploads\/2025\/09\/Services_06.jpg\u00bb alt=\u00bbServicios QUADER\u00bb title_text=\u00bbServicios QUADER\u00bb show_in_lightbox=\u00bbon\u00bb module_class=\u00bbov-item\u00bb _builder_version=\u00bb4.27.4&#8243; _module_preset=\u00bbdefault\u00bb width_tablet=\u00bb400px\u00bb width_phone=\u00bb300px\u00bb width_last_edited=\u00bboff|desktop\u00bb custom_margin=\u00bb||0px||false|false\u00bb filter_sepia=\u00bb10%\u00bb global_colors_info=\u00bb{}\u00bb filter_hue_rotate__hover_enabled=\u00bboff|hover\u00bb][\/et_pb_image][et_pb_image src=\u00bbhttps:\/\/quadergroup.com\/wp-content\/uploads\/2025\/09\/Services_02.jpg\u00bb alt=\u00bbServicios QUADER\u00bb title_text=\u00bbServicios QUADER\u00bb show_in_lightbox=\u00bbon\u00bb module_class=\u00bbov-item\u00bb _builder_version=\u00bb4.27.4&#8243; _module_preset=\u00bbdefault\u00bb width_tablet=\u00bb400px\u00bb width_phone=\u00bb300px\u00bb width_last_edited=\u00bboff|desktop\u00bb custom_margin=\u00bb||0px||false|false\u00bb global_colors_info=\u00bb{}\u00bb][\/et_pb_image][et_pb_image src=\u00bbhttps:\/\/quadergroup.com\/wp-content\/uploads\/2025\/09\/Services_05.jpg\u00bb alt=\u00bbServicios QUADER\u00bb title_text=\u00bbServicios QUADER\u00bb show_in_lightbox=\u00bbon\u00bb module_class=\u00bbov-item\u00bb _builder_version=\u00bb4.27.4&#8243; _module_preset=\u00bbdefault\u00bb width_tablet=\u00bb400px\u00bb width_phone=\u00bb300px\u00bb width_last_edited=\u00bboff|desktop\u00bb custom_margin=\u00bb||0px||false|false\u00bb global_colors_info=\u00bb{}\u00bb][\/et_pb_image][et_pb_image src=\u00bbhttps:\/\/quadergroup.com\/wp-content\/uploads\/2025\/09\/Services_04.jpg\u00bb alt=\u00bbServicios QUADER\u00bb title_text=\u00bbServicios QUADER\u00bb show_in_lightbox=\u00bbon\u00bb module_class=\u00bbov-item\u00bb _builder_version=\u00bb4.27.4&#8243; _module_preset=\u00bbdefault\u00bb width_tablet=\u00bb400px\u00bb width_phone=\u00bb300px\u00bb width_last_edited=\u00bboff|desktop\u00bb custom_margin=\u00bb||0px||false|false\u00bb global_colors_info=\u00bb{}\u00bb][\/et_pb_image][et_pb_image src=\u00bbhttps:\/\/quadergroup.com\/wp-content\/uploads\/2025\/09\/Warehouse_Quader.jpg\u00bb alt=\u00bbAlmacenes Quader\u00bb title_text=\u00bbAlmacenes Quader\u00bb show_in_lightbox=\u00bbon\u00bb module_class=\u00bbov-item\u00bb _builder_version=\u00bb4.27.4&#8243; _module_preset=\u00bbdefault\u00bb width_tablet=\u00bb400px\u00bb width_phone=\u00bb300px\u00bb width_last_edited=\u00bboff|desktop\u00bb custom_margin=\u00bb||0px||false|false\u00bb global_colors_info=\u00bb{}\u00bb][\/et_pb_image][\/et_pb_column][\/et_pb_row][\/et_pb_section][et_pb_section fb_built=\u00bb1&#8243; _builder_version=\u00bb4.27.4&#8243; _module_preset=\u00bbdefault\u00bb custom_margin=\u00bb0px||80px||false|false\u00bb custom_padding=\u00bb0px||0px||false|false\u00bb global_colors_info=\u00bb{}\u00bb][et_pb_row _builder_version=\u00bb4.27.4&#8243; _module_preset=\u00bbdefault\u00bb custom_margin=\u00bb0px||0px||false|false\u00bb custom_padding=\u00bb0px||0px||false|false\u00bb global_colors_info=\u00bb{}\u00bb][et_pb_column type=\u00bb4_4&#8243; _builder_version=\u00bb4.27.4&#8243; _module_preset=\u00bbdefault\u00bb global_colors_info=\u00bb{}\u00bb][et_pb_code _builder_version=\u00bb4.27.4&#8243; _module_preset=\u00bbdefault\u00bb global_colors_info=\u00bb{}\u00bb]<script><!-- [et_pb_line_break_holder] -->function updateCarouselProperties() {<!-- [et_pb_line_break_holder] -->    const root = document.documentElement;<!-- [et_pb_line_break_holder] -->    const viewportWidth = window.innerWidth;<!-- [et_pb_line_break_holder] -->    <!-- [et_pb_line_break_holder] -->    let itemWidth, itemCount, animationDuration;<!-- [et_pb_line_break_holder] -->    <!-- [et_pb_line_break_holder] -->    if (viewportWidth <= 768) {<!-- [et_pb_line_break_holder] -->        itemWidth = 300;<!-- [et_pb_line_break_holder] -->    } else {<!-- [et_pb_line_break_holder] -->        itemWidth = 440;<!-- [et_pb_line_break_holder] -->    }<!-- [et_pb_line_break_holder] -->    <!-- [et_pb_line_break_holder] -->    itemCount = 6; \/\/ N\u00famero de items<!-- [et_pb_line_break_holder] -->    animationDuration = 30; \/\/ En segundos<!-- [et_pb_line_break_holder] -->    <!-- [et_pb_line_break_holder] -->    root.style.setProperty('--item-width', `${itemWidth}px`);<!-- [et_pb_line_break_holder] -->    root.style.setProperty('--item-count', itemCount);<!-- [et_pb_line_break_holder] -->    root.style.setProperty('--animation-duration', `${animationDuration}s`);<!-- [et_pb_line_break_holder] -->    <!-- [et_pb_line_break_holder] -->    const carruseles = document.querySelectorAll('.ov-carrusel-infinite .ov-item-container');<!-- [et_pb_line_break_holder] -->    <!-- [et_pb_line_break_holder] -->    carruseles.forEach(carrusel => {<!-- [et_pb_line_break_holder] -->        const carruselWidth = itemWidth * itemCount;<!-- [et_pb_line_break_holder] -->        const moveDistance = carruselWidth - viewportWidth;<!-- [et_pb_line_break_holder] -->        <!-- [et_pb_line_break_holder] -->        root.style.setProperty('--move-distance', `${moveDistance}px`);<!-- [et_pb_line_break_holder] -->    });<!-- [et_pb_line_break_holder] -->}<!-- [et_pb_line_break_holder] --><!-- [et_pb_line_break_holder] -->window.addEventListener('resize', updateCarouselProperties);<!-- [et_pb_line_break_holder] -->document.addEventListener('DOMContentLoaded', updateCarouselProperties);<!-- [et_pb_line_break_holder] --><\/script>[\/et_pb_code][\/et_pb_column][\/et_pb_row][\/et_pb_section]<\/p>\n","protected":false},"excerpt":{"rendered":"<p>Ventanilla \u00fanicaEn Quader simplificamos tu proyecto: nos encargamos de todo el proceso: desde la idea hasta la entrega final.La planificaci\u00f3n de procesos elimina la improvisaci\u00f3n en la obra.Adaptado a un uso escalable, entorno y dise\u00f1o rentable.Producci\u00f3n modular externa con control de calidad.Entrega e instalaci\u00f3n coordinadas.M\u00e9todos eco-conscientes en cada etapa del proceso.Asesoramiento desde el concepto hasta [&hellip;]<\/p>\n","protected":false},"author":1,"featured_media":0,"parent":0,"menu_order":0,"comment_status":"closed","ping_status":"closed","template":"","meta":{"_et_pb_use_builder":"on","_et_pb_old_content":"","_et_gb_content_width":"","footnotes":""},"class_list":["post-727","page","type-page","status-publish","hentry"],"yoast_head":"<!-- This site is optimized with the Yoast SEO plugin v26.8 - https:\/\/yoast.com\/product\/yoast-seo-wordpress\/ -->\n<title>Servicios QUADER: One-Stop-Shop<\/title>\n<meta name=\"description\" content=\"QUADER ofrece servicios integrales, desde la planificaci\u00f3n hasta la instalaci\u00f3n. Gesti\u00f3n experta con enfoque ecol\u00f3gico, todo en un mismo lugar.\" \/>\n<meta name=\"robots\" content=\"index, follow, max-snippet:-1, max-image-preview:large, max-video-preview:-1\" \/>\n<link rel=\"canonical\" href=\"https:\/\/quadergroup.com\/es\/servicios\/\" \/>\n<meta property=\"og:locale\" content=\"es_ES\" \/>\n<meta property=\"og:type\" content=\"article\" \/>\n<meta property=\"og:title\" content=\"Servicios QUADER: One-Stop-Shop\" \/>\n<meta property=\"og:description\" content=\"QUADER ofrece servicios integrales, desde la planificaci\u00f3n hasta la instalaci\u00f3n. Gesti\u00f3n experta con enfoque ecol\u00f3gico, todo en un mismo lugar.\" \/>\n<meta property=\"og:url\" content=\"https:\/\/quadergroup.com\/es\/servicios\/\" \/>\n<meta property=\"og:site_name\" content=\"Quader\" \/>\n<meta property=\"article:modified_time\" content=\"2025-11-13T10:43:19+00:00\" \/>\n<meta name=\"twitter:card\" content=\"summary_large_image\" \/>\n<meta name=\"twitter:label1\" content=\"Tiempo de lectura\" \/>\n\t<meta name=\"twitter:data1\" content=\"6 minutos\" \/>\n<script type=\"application\/ld+json\" class=\"yoast-schema-graph\">{\"@context\":\"https:\/\/schema.org\",\"@graph\":[{\"@type\":\"WebPage\",\"@id\":\"https:\/\/quadergroup.com\/es\/servicios\/\",\"url\":\"https:\/\/quadergroup.com\/es\/servicios\/\",\"name\":\"Servicios QUADER: One-Stop-Shop\",\"isPartOf\":{\"@id\":\"https:\/\/quadergroup.com\/es\/#website\"},\"datePublished\":\"2025-09-17T12:44:05+00:00\",\"dateModified\":\"2025-11-13T10:43:19+00:00\",\"description\":\"QUADER ofrece servicios integrales, desde la planificaci\u00f3n hasta la instalaci\u00f3n. Gesti\u00f3n experta con enfoque ecol\u00f3gico, todo en un mismo lugar.\",\"breadcrumb\":{\"@id\":\"https:\/\/quadergroup.com\/es\/servicios\/#breadcrumb\"},\"inLanguage\":\"es\",\"potentialAction\":[{\"@type\":\"ReadAction\",\"target\":[\"https:\/\/quadergroup.com\/es\/servicios\/\"]}]},{\"@type\":\"BreadcrumbList\",\"@id\":\"https:\/\/quadergroup.com\/es\/servicios\/#breadcrumb\",\"itemListElement\":[{\"@type\":\"ListItem\",\"position\":1,\"name\":\"Home\",\"item\":\"https:\/\/quadergroup.com\/es\/\"},{\"@type\":\"ListItem\",\"position\":2,\"name\":\"Servicios\"}]},{\"@type\":\"WebSite\",\"@id\":\"https:\/\/quadergroup.com\/es\/#website\",\"url\":\"https:\/\/quadergroup.com\/es\/\",\"name\":\"Quader\",\"description\":\"Smart Living Solutions\",\"potentialAction\":[{\"@type\":\"SearchAction\",\"target\":{\"@type\":\"EntryPoint\",\"urlTemplate\":\"https:\/\/quadergroup.com\/es\/?s={search_term_string}\"},\"query-input\":{\"@type\":\"PropertyValueSpecification\",\"valueRequired\":true,\"valueName\":\"search_term_string\"}}],\"inLanguage\":\"es\"}]}<\/script>\n<!-- \/ Yoast SEO plugin. -->","yoast_head_json":{"title":"Servicios QUADER: One-Stop-Shop","description":"QUADER ofrece servicios integrales, desde la planificaci\u00f3n hasta la instalaci\u00f3n. Gesti\u00f3n experta con enfoque ecol\u00f3gico, todo en un mismo lugar.","robots":{"index":"index","follow":"follow","max-snippet":"max-snippet:-1","max-image-preview":"max-image-preview:large","max-video-preview":"max-video-preview:-1"},"canonical":"https:\/\/quadergroup.com\/es\/servicios\/","og_locale":"es_ES","og_type":"article","og_title":"Servicios QUADER: One-Stop-Shop","og_description":"QUADER ofrece servicios integrales, desde la planificaci\u00f3n hasta la instalaci\u00f3n. Gesti\u00f3n experta con enfoque ecol\u00f3gico, todo en un mismo lugar.","og_url":"https:\/\/quadergroup.com\/es\/servicios\/","og_site_name":"Quader","article_modified_time":"2025-11-13T10:43:19+00:00","twitter_card":"summary_large_image","twitter_misc":{"Tiempo de lectura":"6 minutos"},"schema":{"@context":"https:\/\/schema.org","@graph":[{"@type":"WebPage","@id":"https:\/\/quadergroup.com\/es\/servicios\/","url":"https:\/\/quadergroup.com\/es\/servicios\/","name":"Servicios QUADER: One-Stop-Shop","isPartOf":{"@id":"https:\/\/quadergroup.com\/es\/#website"},"datePublished":"2025-09-17T12:44:05+00:00","dateModified":"2025-11-13T10:43:19+00:00","description":"QUADER ofrece servicios integrales, desde la planificaci\u00f3n hasta la instalaci\u00f3n. Gesti\u00f3n experta con enfoque ecol\u00f3gico, todo en un mismo lugar.","breadcrumb":{"@id":"https:\/\/quadergroup.com\/es\/servicios\/#breadcrumb"},"inLanguage":"es","potentialAction":[{"@type":"ReadAction","target":["https:\/\/quadergroup.com\/es\/servicios\/"]}]},{"@type":"BreadcrumbList","@id":"https:\/\/quadergroup.com\/es\/servicios\/#breadcrumb","itemListElement":[{"@type":"ListItem","position":1,"name":"Home","item":"https:\/\/quadergroup.com\/es\/"},{"@type":"ListItem","position":2,"name":"Servicios"}]},{"@type":"WebSite","@id":"https:\/\/quadergroup.com\/es\/#website","url":"https:\/\/quadergroup.com\/es\/","name":"Quader","description":"Smart Living Solutions","potentialAction":[{"@type":"SearchAction","target":{"@type":"EntryPoint","urlTemplate":"https:\/\/quadergroup.com\/es\/?s={search_term_string}"},"query-input":{"@type":"PropertyValueSpecification","valueRequired":true,"valueName":"search_term_string"}}],"inLanguage":"es"}]}},"_links":{"self":[{"href":"https:\/\/quadergroup.com\/es\/wp-json\/wp\/v2\/pages\/727","targetHints":{"allow":["GET"]}}],"collection":[{"href":"https:\/\/quadergroup.com\/es\/wp-json\/wp\/v2\/pages"}],"about":[{"href":"https:\/\/quadergroup.com\/es\/wp-json\/wp\/v2\/types\/page"}],"author":[{"embeddable":true,"href":"https:\/\/quadergroup.com\/es\/wp-json\/wp\/v2\/users\/1"}],"replies":[{"embeddable":true,"href":"https:\/\/quadergroup.com\/es\/wp-json\/wp\/v2\/comments?post=727"}],"version-history":[{"count":4,"href":"https:\/\/quadergroup.com\/es\/wp-json\/wp\/v2\/pages\/727\/revisions"}],"predecessor-version":[{"id":821,"href":"https:\/\/quadergroup.com\/es\/wp-json\/wp\/v2\/pages\/727\/revisions\/821"}],"wp:attachment":[{"href":"https:\/\/quadergroup.com\/es\/wp-json\/wp\/v2\/media?parent=727"}],"curies":[{"name":"wp","href":"https:\/\/api.w.org\/{rel}","templated":true}]}}