{"id":711,"date":"2025-09-17T12:45:05","date_gmt":"2025-09-17T12:45:05","guid":{"rendered":"https:\/\/quadergroup.com\/politica-de-privacidad\/"},"modified":"2025-11-03T10:35:41","modified_gmt":"2025-11-03T10:35:41","slug":"politica-de-privacidad","status":"publish","type":"page","link":"https:\/\/quadergroup.com\/es\/politica-de-privacidad\/","title":{"rendered":"Pol\u00edtica de Privacidad"},"content":{"rendered":"<p>[et_pb_section fb_built=\u00bb1&#8243; _builder_version=\u00bb4.27.4&#8243; _module_preset=\u00bbdefault\u00bb background_color=\u00bb#0a273c\u00bb background_enable_image=\u00bboff\u00bb background_blend=\u00bbmultiply\u00bb custom_margin=\u00bb|30px||30px|false|true\u00bb custom_margin_tablet=\u00bb|30px||30px|false|true\u00bb custom_margin_phone=\u00bb|15px||15px|false|true\u00bb custom_margin_last_edited=\u00bbon|phone\u00bb custom_padding=\u00bb10%||10%||true|false\u00bb border_radii=\u00bbon|6px|6px|6px|6px\u00bb locked=\u00bboff\u00bb global_colors_info=\u00bb{}\u00bb][et_pb_row custom_padding_last_edited=\u00bbon|phone\u00bb _builder_version=\u00bb4.27.4&#8243; _module_preset=\u00bbdefault\u00bb width=\u00bb90%\u00bb max_width=\u00bb90%\u00bb custom_margin=\u00bb0px||||false|false\u00bb custom_margin_tablet=\u00bb0px||||false|false\u00bb custom_margin_phone=\u00bb60%||0px||false|false\u00bb custom_margin_last_edited=\u00bbon|phone\u00bb custom_padding=\u00bb0px||||false|false\u00bb custom_padding_tablet=\u00bb0px||||false|false\u00bb custom_padding_phone=\u00bb0px||0px||false|false\u00bb locked=\u00bboff\u00bb global_colors_info=\u00bb{}\u00bb][et_pb_column type=\u00bb4_4&#8243; _builder_version=\u00bb4.27.4&#8243; _module_preset=\u00bbdefault\u00bb global_colors_info=\u00bb{}\u00bb][et_pb_text _builder_version=\u00bb4.27.4&#8243; _module_preset=\u00bbdefault\u00bb header_font=\u00bbManrope||||||||\u00bb header_text_color=\u00bb#FFFFFF\u00bb header_font_size=\u00bb48px\u00bb header_2_font=\u00bbManrope|300|||||||\u00bb header_2_text_color=\u00bb#FFFFFF\u00bb header_2_font_size=\u00bb48px\u00bb header_2_letter_spacing=\u00bb-0.5px\u00bb max_width=\u00bb620px\u00bb module_alignment=\u00bbleft\u00bb custom_margin=\u00bb||0.5%||false|false\u00bb custom_padding=\u00bb||0px||false|false\u00bb header_font_size_tablet=\u00bb44px\u00bb header_font_size_phone=\u00bb31px\u00bb header_font_size_last_edited=\u00bbon|phone\u00bb global_colors_info=\u00bb{}\u00bb]<\/p>\n<h1 style=\"text-align: left;\">Pol\u00edtica de Privacidad<\/h1>\n<p>[\/et_pb_text][\/et_pb_column][\/et_pb_row][\/et_pb_section][et_pb_section fb_built=\u00bb1&#8243; custom_padding_last_edited=\u00bbon|phone\u00bb admin_label=\u00bbProducts\u00bb module_id=\u00bbBienvenida\u00bb _builder_version=\u00bb4.27.4&#8243; _module_preset=\u00bbdefault\u00bb background_color=\u00bb#FFFFFF\u00bb background_enable_image=\u00bboff\u00bb parallax=\u00bbon\u00bb custom_padding_tablet=\u00bb80px||80px||true|false\u00bb custom_padding_phone=\u00bb25px||40px||false|false\u00bb scroll_horizontal_motion_enable=\u00bboff\u00bb motion_trigger_start=\u00bbtop\u00bb background_last_edited=\u00bbon|desktop\u00bb background_enable_image_tablet=\u00bboff\u00bb parallax_phone=\u00bbon\u00bb background_blend_phone=\u00bbnormal\u00bb locked=\u00bboff\u00bb collapsed=\u00bbon\u00bb global_colors_info=\u00bb{}\u00bb][et_pb_row use_custom_gutter=\u00bbon\u00bb gutter_width=\u00bb2&#8243; make_equal=\u00bbon\u00bb custom_padding_last_edited=\u00bbon|phone\u00bb module_id=\u00bbFormulario\u00bb _builder_version=\u00bb4.27.4&#8243; _module_preset=\u00bbdefault\u00bb background_enable_color=\u00bboff\u00bb width=\u00bb90%\u00bb width_tablet=\u00bb90%\u00bb width_phone=\u00bb90%\u00bb width_last_edited=\u00bbon|tablet\u00bb max_width=\u00bb90%\u00bb max_width_tablet=\u00bb90%\u00bb max_width_phone=\u00bb90%\u00bb max_width_last_edited=\u00bbon|desktop\u00bb custom_padding_tablet=\u00bb0px||||false|false\u00bb custom_padding_phone=\u00bb0px||0px||false|false\u00bb custom_css_main_element=\u00bbdisplay: flex;||align-items: center;\u00bb global_colors_info=\u00bb{}\u00bb custom_css_main_element_last_edited=\u00bbon|tablet\u00bb custom_css_main_element_phone=\u00bbdisplay: inherit;||align-items: inherit;\u00bb custom_css_main_element_tablet=\u00bbdisplay: inherit;||align-items: inherit;\u00bb][et_pb_column type=\u00bb4_4&#8243; _builder_version=\u00bb4.27.4&#8243; _module_preset=\u00bbdefault\u00bb custom_padding=\u00bb0px|2%|0px||true|false\u00bb custom_padding_tablet=\u00bb5%|35px|5%|35px|true|true\u00bb custom_padding_phone=\u00bb5%|10px|5%|10px|true|true\u00bb custom_padding_last_edited=\u00bboff|desktop\u00bb animation_style=\u00bbfade\u00bb animation_delay=\u00bb500ms\u00bb border_color_right=\u00bbrgba(125,125,126,0.24)\u00bb border_color_left=\u00bbrgba(125,125,126,0.24)\u00bb global_colors_info=\u00bb{}\u00bb][et_pb_text _builder_version=\u00bb4.27.4&#8243; _module_preset=\u00bbdefault\u00bb header_2_font=\u00bbManrope|300|||||||\u00bb header_2_text_color=\u00bb#0a273c\u00bb header_2_font_size=\u00bb46px\u00bb header_2_letter_spacing=\u00bb-0.5px\u00bb header_2_line_height=\u00bb1.1em\u00bb module_alignment=\u00bbcenter\u00bb custom_margin=\u00bb||0.5%||false|false\u00bb custom_padding=\u00bb||0px||false|false\u00bb header_2_font_size_tablet=\u00bb46px\u00bb header_2_font_size_phone=\u00bb38px\u00bb header_2_font_size_last_edited=\u00bbon|phone\u00bb global_colors_info=\u00bb{}\u00bb]<\/p>\n<h2>Lea atentamente nuestra Pol\u00edtica de privacidad para garantizar una experiencia de usuario \u00f3ptima.<\/h2>\n<p>[\/et_pb_text][et_pb_text _builder_version=\u00bb4.27.4&#8243; _module_preset=\u00bbdefault\u00bb text_font=\u00bbManrope||||||||\u00bb text_font_size=\u00bb19px\u00bb text_line_height=\u00bb1.4em\u00bb link_font=\u00bbManrope||||||||\u00bb link_text_color=\u00bb#0a273c\u00bb header_3_font=\u00bbManrope||||||||\u00bb header_3_text_color=\u00bb#0a273c\u00bb module_alignment=\u00bbleft\u00bb custom_margin=\u00bb0px||||false|false\u00bb custom_padding=\u00bb0px||||false|false\u00bb hover_enabled=\u00bb0&#8243; locked=\u00bboff\u00bb global_colors_info=\u00bb{}\u00bb sticky_enabled=\u00bb0&#8243;]<\/p>\n<div class=\"text\">\n<div class=\"text\">\n<div class=\"wpb_column vc_column_container vc_col-sm-6\">\n<div class=\"vc_column-inner \">\n<div class=\"wpb_wrapper\">\n<div class=\"wpb_text_column wpb_content_element \">\n<div class=\"wpb_wrapper\">\n<p><a href=\"https:\/\/quadergroup.es\">https:\/\/quadergroup.es<\/a>\/<\/p>\n<p>Este es un dominio de Internet propiedad de:<br \/>QUADER SOLUTIONS, S.L.<br \/>B 23959059<br \/>C\/ Francisco Rover, 1 &#8211; Palma<\/p>\n<p>De conformidad con lo dispuesto en el Reglamento (UE) 2016\/679 del Parlamento Europeo y del Consejo, de 27 de abril, relativo a la protecci\u00f3n de las personas f\u00edsicas en lo que respecta al tratamiento de datos personales y a la libre circulaci\u00f3n de estos datos, y la Ley Org\u00e1nica 3\/2018 de Protecci\u00f3n de Datos Personales y garant\u00eda de los derechos digitales, detallamos a continuaci\u00f3n nuestra Pol\u00edtica de Privacidad.<\/p>\n<p>Nos reservamos el derecho a modificar esta Pol\u00edtica de Privacidad para adaptarla a las novedades legislativas, jurisprudenciales o interpretaciones de la Agencia Espa\u00f1ola de Protecci\u00f3n de Datos. En tal caso, se anunciar\u00e1n dichos cambios, indicando claramente las modificaciones realizadas con antelaci\u00f3n y solicitando, si es necesario, su aceptaci\u00f3n. El Usuario se compromete a que todos los datos que proporciona son veraces y correctos.<\/p>\n<h3>\u00bfQu\u00e9 tipos de datos utilizaremos?<\/h3>\n<p>QUADER SOLUTIONS, S.L.<br \/>B 23959059<br \/>C\/ Francisco Rover, 1 &#8211;\u00a0 Palma de Mallorca<br \/><a href=\"tel:+34650535870\">(+34) 650 535 870<\/a><br \/><a href=\"mailto:info@quadergroup.com\">info@quadergroup.com<\/a><\/p>\n<h3>\u00bfPara qu\u00e9 fines se utilizar\u00e1n los datos del usuario?<\/h3>\n<ul>\n<li>Para responder a las consultas de los Usuarios que nos contactan a trav\u00e9s del formulario de contacto.<\/li>\n<li>Para la gesti\u00f3n fiscal, contable y administrativa, con la finalidad de gestionar el servicio solicitado por el Usuario y las obligaciones legales correspondientes derivadas del servicio prestado.<\/li>\n<\/ul>\n<h3>\u00bfCu\u00e1les son las bases leg\u00edtimas para el tratamiento?<\/h3>\n<p>Podemos tratar los datos personales del Usuario por inter\u00e9s leg\u00edtimo en relaci\u00f3n con el servicio que prestamos y con el env\u00edo de comunicaciones, tanto por v\u00eda ordinaria como electr\u00f3nica, relacionadas con nuestro servicio.<\/p>\n<p>Cuando la base del tratamiento sea el consentimiento, solicitaremos su aceptaci\u00f3n como base leg\u00edtima para el uso de los datos. Tenga en cuenta que el Usuario puede revocar este consentimiento en cualquier momento enviando un correo electr\u00f3nico a <a href=\"mailto:info@quadergroup.com\">info@quadergroup.com<\/a>.<\/p>\n<h3>\u00bfDurante cu\u00e1nto tiempo conservaremos los datos del usuario?<\/h3>\n<p>Mantendremos los datos personales del Usuario en nuestros sistemas de informaci\u00f3n durante el tiempo que sea necesario, mientras se mantenga la relaci\u00f3n con el cliente y para cumplir con las obligaciones legales.<\/p>\n<h3>\u00bfA qui\u00e9n podemos revelar los datos del usuario?<\/h3>\n<p>Los datos del usuario no se ceder\u00e1n a terceros, salvo en casos de obligaci\u00f3n legal, autorizaci\u00f3n expresa del usuario o para el cumplimiento del contrato suscrito para la prestaci\u00f3n de nuestros servicios.<\/p>\n<p>Para gestionar los servicios o productos que nos solicita, en algunos casos ser\u00e1 necesario transferir los datos a empresas del mismo grupo o a proveedores de servicios con fines administrativos, de almacenamiento o para facilitar la comunicaci\u00f3n.<\/p>\n<p>No se prev\u00e9n transferencias de datos fuera de la Uni\u00f3n Europea, salvo autorizaci\u00f3n expresa del usuario para gestionar el servicio que ofrecemos.<\/p>\n<h3>\u00bfC\u00f3mo puede la usuaria ejercer sus derechos?<\/h3>\n<p>El Usuario podr\u00e1 ejercitar sus derechos de acceso, rectificaci\u00f3n, oposici\u00f3n y supresi\u00f3n de sus datos, as\u00ed como solicitar la limitaci\u00f3n y portabilidad de sus datos enviando un correo electr\u00f3nico a <a href=\"mailto:info@quadergroup.com\">info@quadergroup.com<\/a><\/p>\n<p>En los siguientes casos:<\/p>\n<ul>\n<li>Rectificar datos inexactos o, en su caso, solicitar su supresi\u00f3n (derecho al olvido) cuando, por ejemplo, haya retirado su consentimiento. En este caso, \u00fanicamente los conservaremos para el ejercicio o la defensa de reclamaciones o para el cumplimiento de una obligaci\u00f3n legal.<\/li>\n<li>A solicitar la limitaci\u00f3n del tratamiento de los datos cuando, entre otros motivos, los datos ya no sean necesarios para los fines para los que fueron recogidos.<\/li>\n<li>Solicitar la portabilidad de los datos del Usuario en un formato automatizado que permita su copia, transferencia y transmisi\u00f3n, cuando el tratamiento se efect\u00fae por medios automatizados.<\/li>\n<li>Adem\u00e1s, podr\u00e1 presentar una reclamaci\u00f3n ante la Autoridad de Control (Agencia Espa\u00f1ola de Protecci\u00f3n de Datos) (<a href=\"http:\/\/www.agpd.es)\">www.agpd.es)<\/a>.<\/li>\n<\/ul>\n<h3>\u00bfQu\u00e9 tipos de datos son discrecionales?<\/h3>\n<p>La obligatoriedad de ciertos datos recopilados en los formularios del sitio web se indicar\u00e1 con un asterisco (*). No proporcionar estos datos podr\u00eda impedirnos prestar todos los servicios relacionados con ellos, eximi\u00e9ndonos de toda responsabilidad por la falta de prestaci\u00f3n o la prestaci\u00f3n incompleta de dichos servicios.<\/p>\n<\/div>\n<\/div>\n<\/div>\n<\/div>\n<\/div>\n<\/div>\n<\/div>\n<p>[\/et_pb_text][et_pb_button button_url=\u00bbhttps:\/\/quadergroup.com\/es\/\u00bb button_text=\u00bbVolver arriba\u00bb button_alignment=\u00bbleft\u00bb _builder_version=\u00bb4.27.4&#8243; _module_preset=\u00bbdefault\u00bb custom_button=\u00bbon\u00bb button_text_size=\u00bb17px\u00bb button_text_color=\u00bb#FFFFFF\u00bb button_bg_color=\u00bb#0A273C\u00bb button_border_width=\u00bb1px\u00bb button_border_color=\u00bb#0a273c\u00bb button_border_radius=\u00bb0px\u00bb button_letter_spacing=\u00bb-0.5px\u00bb button_font=\u00bbManrope|700|||||||\u00bb button_use_icon=\u00bboff\u00bb custom_margin=\u00bb4%|16px|0px|0px|false|false\u00bb custom_margin_tablet=\u00bb0px|16px|0px|0px|false|false\u00bb custom_margin_phone=\u00bb0px|16px|30px|0px|false|false\u00bb custom_margin_last_edited=\u00bbon|phone\u00bb custom_padding=\u00bb17px|32px|17px|32px|true|true\u00bb animation_style=\u00bbslide\u00bb animation_direction=\u00bbbottom\u00bb animation_delay=\u00bb100ms\u00bb animation_intensity_slide=\u00bb10%\u00bb animation_speed_curve=\u00bbease\u00bb global_colors_info=\u00bb{}\u00bb button_bg_color__hover_enabled=\u00bbon|hover\u00bb button_bg_color__hover=\u00bbRGBA(255,255,255,0)\u00bb button_bg_enable_color__hover=\u00bbon\u00bb button_text_color__hover_enabled=\u00bbon|hover\u00bb button_text_color__hover=\u00bb#0a273c\u00bb button_letter_spacing__hover_enabled=\u00bbon|hover\u00bb button_letter_spacing__hover=\u00bb0px\u00bb button_border_color__hover_enabled=\u00bbon|hover\u00bb button_border_color__hover=\u00bb#0a273c\u00bb][\/et_pb_button][\/et_pb_column][\/et_pb_row][\/et_pb_section]<\/p>\n","protected":false},"excerpt":{"rendered":"<p>Pol\u00edtica de PrivacidadLea atentamente nuestra Pol\u00edtica de privacidad para garantizar una experiencia de usuario \u00f3ptima. https:\/\/quadergroup.es\/ Este es un dominio de Internet propiedad de:QUADER SOLUTIONS, S.L.B 23959059C\/ Francisco Rover, 1 &#8211; Palma De conformidad con lo dispuesto en el Reglamento (UE) 2016\/679 del Parlamento Europeo y del Consejo, de 27 de abril, relativo a la [&hellip;]<\/p>\n","protected":false},"author":1,"featured_media":0,"parent":0,"menu_order":0,"comment_status":"closed","ping_status":"closed","template":"","meta":{"_et_pb_use_builder":"on","_et_pb_old_content":"","_et_gb_content_width":"","footnotes":""},"class_list":["post-711","page","type-page","status-publish","hentry"],"yoast_head":"<!-- This site is optimized with the Yoast SEO plugin v26.8 - https:\/\/yoast.com\/product\/yoast-seo-wordpress\/ -->\n<title>Pol\u00edtica de Privacidad - Quader<\/title>\n<meta name=\"robots\" content=\"noindex, nofollow\" \/>\n<meta property=\"og:locale\" content=\"es_ES\" \/>\n<meta property=\"og:type\" content=\"article\" \/>\n<meta property=\"og:title\" content=\"Pol\u00edtica de Privacidad - Quader\" \/>\n<meta property=\"og:description\" content=\"Pol\u00edtica de PrivacidadLea atentamente nuestra Pol\u00edtica de privacidad para garantizar una experiencia de usuario \u00f3ptima. https:\/\/quadergroup.es\/ Este es un dominio de Internet propiedad de:QUADER SOLUTIONS, S.L.B 23959059C\/ Francisco Rover, 1 - Palma De conformidad con lo dispuesto en el Reglamento (UE) 2016\/679 del Parlamento Europeo y del Consejo, de 27 de abril, relativo a la [&hellip;]\" \/>\n<meta property=\"og:url\" content=\"https:\/\/quadergroup.com\/es\/politica-de-privacidad\/\" \/>\n<meta property=\"og:site_name\" content=\"Quader\" \/>\n<meta property=\"article:modified_time\" content=\"2025-11-03T10:35:41+00:00\" \/>\n<meta name=\"twitter:card\" content=\"summary_large_image\" \/>\n<meta name=\"twitter:label1\" content=\"Tiempo de lectura\" \/>\n\t<meta name=\"twitter:data1\" content=\"7 minutos\" \/>\n<script type=\"application\/ld+json\" class=\"yoast-schema-graph\">{\"@context\":\"https:\/\/schema.org\",\"@graph\":[{\"@type\":\"WebPage\",\"@id\":\"https:\/\/quadergroup.com\/es\/politica-de-privacidad\/\",\"url\":\"https:\/\/quadergroup.com\/es\/politica-de-privacidad\/\",\"name\":\"Pol\u00edtica de Privacidad - Quader\",\"isPartOf\":{\"@id\":\"https:\/\/quadergroup.com\/es\/#website\"},\"datePublished\":\"2025-09-17T12:45:05+00:00\",\"dateModified\":\"2025-11-03T10:35:41+00:00\",\"breadcrumb\":{\"@id\":\"https:\/\/quadergroup.com\/es\/politica-de-privacidad\/#breadcrumb\"},\"inLanguage\":\"es\",\"potentialAction\":[{\"@type\":\"ReadAction\",\"target\":[\"https:\/\/quadergroup.com\/es\/politica-de-privacidad\/\"]}]},{\"@type\":\"BreadcrumbList\",\"@id\":\"https:\/\/quadergroup.com\/es\/politica-de-privacidad\/#breadcrumb\",\"itemListElement\":[{\"@type\":\"ListItem\",\"position\":1,\"name\":\"Home\",\"item\":\"https:\/\/quadergroup.com\/es\/\"},{\"@type\":\"ListItem\",\"position\":2,\"name\":\"Pol\u00edtica de Privacidad\"}]},{\"@type\":\"WebSite\",\"@id\":\"https:\/\/quadergroup.com\/es\/#website\",\"url\":\"https:\/\/quadergroup.com\/es\/\",\"name\":\"Quader\",\"description\":\"Smart Living Solutions\",\"potentialAction\":[{\"@type\":\"SearchAction\",\"target\":{\"@type\":\"EntryPoint\",\"urlTemplate\":\"https:\/\/quadergroup.com\/es\/?s={search_term_string}\"},\"query-input\":{\"@type\":\"PropertyValueSpecification\",\"valueRequired\":true,\"valueName\":\"search_term_string\"}}],\"inLanguage\":\"es\"}]}<\/script>\n<!-- \/ Yoast SEO plugin. -->","yoast_head_json":{"title":"Pol\u00edtica de Privacidad - Quader","robots":{"index":"noindex","follow":"nofollow"},"og_locale":"es_ES","og_type":"article","og_title":"Pol\u00edtica de Privacidad - Quader","og_description":"Pol\u00edtica de PrivacidadLea atentamente nuestra Pol\u00edtica de privacidad para garantizar una experiencia de usuario \u00f3ptima. https:\/\/quadergroup.es\/ Este es un dominio de Internet propiedad de:QUADER SOLUTIONS, S.L.B 23959059C\/ Francisco Rover, 1 - Palma De conformidad con lo dispuesto en el Reglamento (UE) 2016\/679 del Parlamento Europeo y del Consejo, de 27 de abril, relativo a la [&hellip;]","og_url":"https:\/\/quadergroup.com\/es\/politica-de-privacidad\/","og_site_name":"Quader","article_modified_time":"2025-11-03T10:35:41+00:00","twitter_card":"summary_large_image","twitter_misc":{"Tiempo de lectura":"7 minutos"},"schema":{"@context":"https:\/\/schema.org","@graph":[{"@type":"WebPage","@id":"https:\/\/quadergroup.com\/es\/politica-de-privacidad\/","url":"https:\/\/quadergroup.com\/es\/politica-de-privacidad\/","name":"Pol\u00edtica de Privacidad - Quader","isPartOf":{"@id":"https:\/\/quadergroup.com\/es\/#website"},"datePublished":"2025-09-17T12:45:05+00:00","dateModified":"2025-11-03T10:35:41+00:00","breadcrumb":{"@id":"https:\/\/quadergroup.com\/es\/politica-de-privacidad\/#breadcrumb"},"inLanguage":"es","potentialAction":[{"@type":"ReadAction","target":["https:\/\/quadergroup.com\/es\/politica-de-privacidad\/"]}]},{"@type":"BreadcrumbList","@id":"https:\/\/quadergroup.com\/es\/politica-de-privacidad\/#breadcrumb","itemListElement":[{"@type":"ListItem","position":1,"name":"Home","item":"https:\/\/quadergroup.com\/es\/"},{"@type":"ListItem","position":2,"name":"Pol\u00edtica de Privacidad"}]},{"@type":"WebSite","@id":"https:\/\/quadergroup.com\/es\/#website","url":"https:\/\/quadergroup.com\/es\/","name":"Quader","description":"Smart Living Solutions","potentialAction":[{"@type":"SearchAction","target":{"@type":"EntryPoint","urlTemplate":"https:\/\/quadergroup.com\/es\/?s={search_term_string}"},"query-input":{"@type":"PropertyValueSpecification","valueRequired":true,"valueName":"search_term_string"}}],"inLanguage":"es"}]}},"_links":{"self":[{"href":"https:\/\/quadergroup.com\/es\/wp-json\/wp\/v2\/pages\/711","targetHints":{"allow":["GET"]}}],"collection":[{"href":"https:\/\/quadergroup.com\/es\/wp-json\/wp\/v2\/pages"}],"about":[{"href":"https:\/\/quadergroup.com\/es\/wp-json\/wp\/v2\/types\/page"}],"author":[{"embeddable":true,"href":"https:\/\/quadergroup.com\/es\/wp-json\/wp\/v2\/users\/1"}],"replies":[{"embeddable":true,"href":"https:\/\/quadergroup.com\/es\/wp-json\/wp\/v2\/comments?post=711"}],"version-history":[{"count":3,"href":"https:\/\/quadergroup.com\/es\/wp-json\/wp\/v2\/pages\/711\/revisions"}],"predecessor-version":[{"id":783,"href":"https:\/\/quadergroup.com\/es\/wp-json\/wp\/v2\/pages\/711\/revisions\/783"}],"wp:attachment":[{"href":"https:\/\/quadergroup.com\/es\/wp-json\/wp\/v2\/media?parent=711"}],"curies":[{"name":"wp","href":"https:\/\/api.w.org\/{rel}","templated":true}]}}