{"id":707,"date":"2025-09-17T12:46:16","date_gmt":"2025-09-17T12:46:16","guid":{"rendered":"https:\/\/quadergroup.com\/aviso-legal\/"},"modified":"2025-10-08T10:59:58","modified_gmt":"2025-10-08T10:59:58","slug":"aviso-legal","status":"publish","type":"page","link":"https:\/\/quadergroup.com\/es\/aviso-legal\/","title":{"rendered":"Aviso Legal"},"content":{"rendered":"<p>[et_pb_section fb_built=\u00bb1&#8243; _builder_version=\u00bb4.27.4&#8243; _module_preset=\u00bbdefault\u00bb background_color=\u00bb#0a273c\u00bb background_blend=\u00bbmultiply\u00bb custom_margin=\u00bb|30px||30px|false|true\u00bb custom_margin_tablet=\u00bb|30px||30px|false|true\u00bb custom_margin_phone=\u00bb|15px||15px|false|true\u00bb custom_margin_last_edited=\u00bbon|phone\u00bb custom_padding=\u00bb10%||10%||true|false\u00bb hover_enabled=\u00bb0&#8243; border_radii=\u00bbon|6px|6px|6px|6px\u00bb locked=\u00bboff\u00bb global_colors_info=\u00bb{}\u00bb theme_builder_area=\u00bbpost_content\u00bb background_enable_image=\u00bboff\u00bb sticky_enabled=\u00bb0&#8243;][et_pb_row custom_padding_last_edited=\u00bbon|phone\u00bb _builder_version=\u00bb4.27.4&#8243; _module_preset=\u00bbdefault\u00bb width=\u00bb90%\u00bb max_width=\u00bb90%\u00bb custom_margin=\u00bb0px||||false|false\u00bb custom_margin_tablet=\u00bb0px||||false|false\u00bb custom_margin_phone=\u00bb60%||0px||false|false\u00bb custom_margin_last_edited=\u00bbon|phone\u00bb custom_padding=\u00bb0px||||false|false\u00bb custom_padding_tablet=\u00bb0px||||false|false\u00bb custom_padding_phone=\u00bb0px||0px||false|false\u00bb locked=\u00bboff\u00bb global_colors_info=\u00bb{}\u00bb theme_builder_area=\u00bbpost_content\u00bb][et_pb_column type=\u00bb4_4&#8243; _builder_version=\u00bb4.27.4&#8243; _module_preset=\u00bbdefault\u00bb global_colors_info=\u00bb{}\u00bb theme_builder_area=\u00bbpost_content\u00bb][et_pb_text _builder_version=\u00bb4.27.4&#8243; _module_preset=\u00bbdefault\u00bb header_font=\u00bbManrope||||||||\u00bb header_text_color=\u00bb#FFFFFF\u00bb header_font_size=\u00bb48px\u00bb header_2_font=\u00bbManrope|300|||||||\u00bb header_2_text_color=\u00bb#FFFFFF\u00bb header_2_font_size=\u00bb48px\u00bb header_2_letter_spacing=\u00bb-0.5px\u00bb max_width=\u00bb620px\u00bb module_alignment=\u00bbleft\u00bb custom_margin=\u00bb||0.5%||false|false\u00bb custom_padding=\u00bb||0px||false|false\u00bb header_font_size_tablet=\u00bb44px\u00bb header_font_size_phone=\u00bb31px\u00bb header_font_size_last_edited=\u00bbon|phone\u00bb global_colors_info=\u00bb{}\u00bb theme_builder_area=\u00bbpost_content\u00bb]<\/p>\n<h1 style=\"text-align: left;\">Aviso Legal<\/h1>\n<p>[\/et_pb_text][\/et_pb_column][\/et_pb_row][\/et_pb_section][et_pb_section fb_built=\u00bb1&#8243; custom_padding_last_edited=\u00bbon|phone\u00bb admin_label=\u00bbProducts\u00bb module_id=\u00bbBienvenida\u00bb _builder_version=\u00bb4.27.4&#8243; _module_preset=\u00bbdefault\u00bb background_color=\u00bb#FFFFFF\u00bb background_enable_image=\u00bboff\u00bb parallax=\u00bbon\u00bb custom_padding_tablet=\u00bb80px||80px||true|false\u00bb custom_padding_phone=\u00bb25px||40px||false|false\u00bb scroll_horizontal_motion_enable=\u00bboff\u00bb motion_trigger_start=\u00bbtop\u00bb background_last_edited=\u00bbon|desktop\u00bb background_enable_image_tablet=\u00bboff\u00bb parallax_phone=\u00bbon\u00bb background_blend_phone=\u00bbnormal\u00bb locked=\u00bboff\u00bb collapsed=\u00bbon\u00bb global_colors_info=\u00bb{}\u00bb theme_builder_area=\u00bbpost_content\u00bb][et_pb_row use_custom_gutter=\u00bbon\u00bb gutter_width=\u00bb2&#8243; make_equal=\u00bbon\u00bb custom_padding_last_edited=\u00bbon|phone\u00bb module_id=\u00bbFormulario\u00bb _builder_version=\u00bb4.27.4&#8243; _module_preset=\u00bbdefault\u00bb background_enable_color=\u00bboff\u00bb width=\u00bb90%\u00bb width_tablet=\u00bb90%\u00bb width_phone=\u00bb90%\u00bb width_last_edited=\u00bbon|tablet\u00bb max_width=\u00bb90%\u00bb max_width_tablet=\u00bb90%\u00bb max_width_phone=\u00bb90%\u00bb max_width_last_edited=\u00bbon|desktop\u00bb custom_padding_tablet=\u00bb0px||||false|false\u00bb custom_padding_phone=\u00bb0px||0px||false|false\u00bb hover_enabled=\u00bb0&#8243; custom_css_main_element=\u00bbdisplay: flex;||align-items: center;\u00bb global_colors_info=\u00bb{}\u00bb custom_css_main_element_last_edited=\u00bbon|tablet\u00bb custom_css_main_element_phone=\u00bbdisplay: inherit;||align-items: inherit;\u00bb custom_css_main_element_tablet=\u00bbdisplay: inherit;||align-items: inherit;\u00bb theme_builder_area=\u00bbpost_content\u00bb sticky_enabled=\u00bb0&#8243;][et_pb_column type=\u00bb4_4&#8243; _builder_version=\u00bb4.27.4&#8243; _module_preset=\u00bbdefault\u00bb custom_padding=\u00bb0px|2%|0px||true|false\u00bb custom_padding_tablet=\u00bb5%|35px|5%|35px|true|true\u00bb custom_padding_phone=\u00bb5%|10px|5%|10px|true|true\u00bb custom_padding_last_edited=\u00bboff|desktop\u00bb animation_style=\u00bbfade\u00bb animation_delay=\u00bb500ms\u00bb border_color_right=\u00bbrgba(125,125,126,0.24)\u00bb border_color_left=\u00bbrgba(125,125,126,0.24)\u00bb global_colors_info=\u00bb{}\u00bb theme_builder_area=\u00bbpost_content\u00bb][et_pb_text _builder_version=\u00bb4.27.4&#8243; _module_preset=\u00bbdefault\u00bb header_2_font=\u00bbManrope|300|||||||\u00bb header_2_text_color=\u00bb#0a273c\u00bb header_2_font_size=\u00bb46px\u00bb header_2_letter_spacing=\u00bb-0.5px\u00bb header_2_line_height=\u00bb1.1em\u00bb module_alignment=\u00bbcenter\u00bb custom_margin=\u00bb||0.5%||false|false\u00bb custom_padding=\u00bb||0px||false|false\u00bb hover_enabled=\u00bb0&#8243; header_2_font_size_tablet=\u00bb46px\u00bb header_2_font_size_phone=\u00bb38px\u00bb header_2_font_size_last_edited=\u00bbon|phone\u00bb global_colors_info=\u00bb{}\u00bb theme_builder_area=\u00bbpost_content\u00bb sticky_enabled=\u00bb0&#8243;]<\/p>\n<h2>Lea atentamente nuestro \u2018Aviso legal\u2019 para garantizar que tenga la mejor experiencia de usuario.<\/h2>\n<p>[\/et_pb_text][et_pb_text _builder_version=\u00bb4.27.4&#8243; _module_preset=\u00bbdefault\u00bb text_font=\u00bbManrope||||||||\u00bb text_font_size=\u00bb19px\u00bb text_line_height=\u00bb1.4em\u00bb module_alignment=\u00bbleft\u00bb custom_margin=\u00bb0px||||false|false\u00bb custom_padding=\u00bb0px||||false|false\u00bb hover_enabled=\u00bb0&#8243; locked=\u00bboff\u00bb global_colors_info=\u00bb{}\u00bb theme_builder_area=\u00bbpost_content\u00bb sticky_enabled=\u00bb0&#8243; header_3_font=\u00bbManrope||||||||\u00bb header_3_text_color=\u00bb#0a273c\u00bb link_font=\u00bbManrope||||||||\u00bb link_text_color=\u00bb#0a273c\u00bb]<\/p>\n<div class=\"text\">\n<div class=\"text\">\n<div class=\"wpb_column vc_column_container vc_col-sm-6\">\n<div class=\"vc_column-inner \">\n<div class=\"wpb_wrapper\">\n<div class=\"wpb_text_column wpb_content_element \">\n<div class=\"wpb_wrapper\">\n<p>El titular del sitio web es QUADER SOLUTIONS, S.L. con N\u00famero de Identificaci\u00f3n Fiscal *CIF* y domicilio social en C\/ Oms, 50 &#8211; 1 A, 07003 Palma de Mallorca.<\/p>\n<h3>Detalles de registro<\/h3>\n<ul>\n<li>Registro Mercantil de las Islas Baleares, Folio \u2026, Tomo \u2026, Libro .., Secci\u00f3n .., Hoja PM-\u2026, Inscripci\u00f3n &#8230; Autorizaci\u00f3n administrativa previa (SI PROCEDE).<\/li>\n<li>Datos de la autorizaci\u00f3n y organismo competente para la supervisi\u00f3n de las autorizaciones administrativas requeridas para la actividad.<\/li>\n<\/ul>\n<h3>Regulaciones relacionadas<\/h3>\n<p>El presente Aviso Legal est\u00e1 sujeto a lo dispuesto en la Ley Org\u00e1nica 03\/2018, de 5 de diciembre, el Reglamento (UE) 2016\/679 del Parlamento Europeo y del Consejo, de 27 de abril de 2016, relativo a la protecci\u00f3n de las personas f\u00edsicas en lo que respecta al tratamiento de datos personales, la Ley 11\/2022, de 28 de junio, de Telecomunicaciones, y la Ley 34\/2002, de 11 de julio, de Servicios de la Sociedad de la Informaci\u00f3n y de Comercio Electr\u00f3nico y la disposici\u00f3n final segunda por la que se modifican los art\u00edculos 10, 18, 20, 21, 22, 35, 37, 38, 39, 40 y 43 de la Ley 34\/2002, de 11 de julio, el Real Decreto-ley 7\/2021 por el que se modifican y a\u00f1aden art\u00edculos a la Ley para la Defensa de los Consumidores y Usuarios y el Real Decreto-ley 13\/2012, de 30 de marzo, por el que se transponen directivas en materia de mercados interiores de electricidad y gas y de comunicaciones electr\u00f3nicas, y adoptar medidas para corregir las desviaciones debidas a desequilibrios entre costes e ingresos en los sectores el\u00e9ctrico y gasista, as\u00ed como cualquier normativa posterior que las modifique o desarrolle.<\/p>\n<h3>Usuarios<\/h3>\n<p>El acceso y\/o uso de este sitio web le confiere la condici\u00f3n de USUARIO, quien deber\u00e1 aceptar las Condiciones Generales de Uso y la Pol\u00edtica de Privacidad aqu\u00ed expuestas.<\/p>\n<p>Si no acepta estas condiciones, deber\u00e1 abstenerse de utilizar el Sitio Web. Las presentes Condiciones ser\u00e1n de aplicaci\u00f3n independientemente de los T\u00e9rminos y Condiciones Generales que resulten de obligado cumplimiento.<\/p>\n<h3>Uso del sitio web<\/h3>\n<p>El acceso y uso del sitio web y de todos los subdominios y directorios que lo componen, as\u00ed como los servicios o contenidos que se puedan obtener a trav\u00e9s de \u00e9l bajo su titularidad, est\u00e1n sujetos a los t\u00e9rminos detallados en este Aviso Legal, sin perjuicio de que el acceso a cualquiera de estos servicios o contenidos pueda requerir la aceptaci\u00f3n de Condiciones Generales espec\u00edficas adicionales.<\/p>\n<p>Por lo tanto, si no est\u00e1 de acuerdo con las consideraciones detalladas en este Aviso Legal, le rogamos que no utilice el sitio web, ya que cualquier uso que haga del mismo o de los servicios y contenidos incluidos en \u00e9l implicar\u00e1 la aceptaci\u00f3n de los t\u00e9rminos legales contenidos en este texto.<\/p>\n<h3>Derechos de propiedad intelectual e industrial<\/h3>\n<p>Todo el contenido del sitio web es propiedad exclusiva de la entidad y, a t\u00edtulo enunciativo pero no limitativo, los nombres comerciales, marcas o signos distintivos de cualquier tipo, el dise\u00f1o gr\u00e1fico, el c\u00f3digo fuente, los logotipos, los textos, los gr\u00e1ficos, las ilustraciones, las fotograf\u00edas y dem\u00e1s elementos que aparecen en el sitio web est\u00e1n protegidos por la legislaci\u00f3n en materia de propiedad intelectual e industrial. La entidad tiene el derecho exclusivo de explotar la mencionada propiedad intelectual en cualquier forma y, en especial, los derechos de reproducci\u00f3n, distribuci\u00f3n y comunicaci\u00f3n p\u00fablica.<\/p>\n<p>Se proh\u00edbe a los usuarios cualquier uso no autorizado, total o parcial, de cualquiera de los contenidos del sitio web que formen parte de los derechos de propiedad intelectual o industrial de la entidad sobre el sitio web y\/o sus contenidos.<\/p>\n<p>La entidad se reserva el derecho de emprender acciones legales contra cualquier usuario que realice cualquier acci\u00f3n que implique la reproducci\u00f3n, distribuci\u00f3n, comercializaci\u00f3n, transformaci\u00f3n y, en general, cualquier otra forma de explotaci\u00f3n, por cualquier medio, de todo o parte de los contenidos del sitio web, que constituya una infracci\u00f3n de los derechos de propiedad intelectual y\/o industrial del mismo.<\/p>\n<p>La licencia de uso de cualquier contenido de este Sitio Web otorgada al Usuario se limita a la descarga de dicho contenido por el Usuario y a su uso privado, siempre que dicho contenido permanezca \u00edntegro.<\/p>\n<h3>Exenci\u00f3n de garant\u00edas y responsabilidad<\/h3>\n<p>El Propietario no se responsabiliza, en ning\u00fan caso, de los da\u00f1os y perjuicios de cualquier naturaleza que pudieran derivarse, a t\u00edtulo enunciativo y no limitativo, de errores u omisiones en el contenido, la falta de disponibilidad del sitio web o la transmisi\u00f3n de virus o programas maliciosos o lesivos en el contenido, a pesar de haber adoptado todas las medidas tecnol\u00f3gicas necesarias para evitarlo.<\/p>\n<p>El Propietario podr\u00eda proporcionarle acceso a sitios web de terceros a trav\u00e9s de enlaces. Estos enlaces a otros sitios web escapan al control del Propietario, quien, por lo tanto, no se responsabiliza del contenido, la informaci\u00f3n ni los servicios que puedan aparecer en ellos.<\/p>\n<p>El Propietario tampoco se responsabiliza de las infracciones cometidas por los usuarios del sitio web que afecten a terceros.<\/p>\n<h3>Modificaciones<\/h3>\n<p>El Propietario se reserva el derecho a realizar cambios en el Sitio Web de su propiedad sin previo aviso para actualizar, corregir, modificar, a\u00f1adir o eliminar el contenido del Sitio Web o su dise\u00f1o. El contenido y los servicios ofrecidos en el sitio web se actualizan peri\u00f3dicamente. Dado que la informaci\u00f3n no se actualiza de forma inmediata, le sugerimos que siempre verifique la validez y exactitud de la informaci\u00f3n, los servicios y el contenido que contiene.<\/p>\n<h3>Derecho de exclusi\u00f3n<\/h3>\n<p>El Titular se reserva el derecho a denegar o retirar el acceso al Sitio Web y\/o los servicios ofrecidos sin necesidad de preaviso, a instancia propia o de un tercero, a aquellos Usuarios que incumplan las presentes Condiciones Generales de Uso.<\/p>\n<h3>General<\/h3>\n<p>La empresa Titular perseguir\u00e1 el incumplimiento de las presentes condiciones as\u00ed como cualquier utilizaci\u00f3n indebida de su portal ejerciendo todas las acciones civiles y penales que le puedan corresponder en derecho.<\/p>\n<h3>Modificaciones de estas condiciones y duraci\u00f3n<\/h3>\n<p>El Titular podr\u00e1 modificar las condiciones aqu\u00ed establecidas en cualquier momento, public\u00e1ndolas debidamente como aparecen aqu\u00ed. La vigencia de las citadas condiciones depender\u00e1 de su exposici\u00f3n y permanecer\u00e1n vigentes hasta que sean modificadas por otras debidamente publicadas.<\/p>\n<p>Las condiciones y t\u00e9rminos contenidos en este Aviso Legal pueden variar, por lo que le invitamos a revisarlos cuando vuelva a visitar el Sitio Web.<\/p>\n<p><span style=\"color: #333333; font-size: 22px;\">Legislaci\u00f3n y jurisdicci\u00f3n aplicables<\/span><\/p>\n<p>El Titular podr\u00e1 emprender acciones legales civiles o penales contra cualquier persona que haga un uso indebido del Sitio Web.<\/p>\n<p>En caso de controversia o conflicto, as\u00ed como de cualquier cuesti\u00f3n relacionada con los servicios, ambas partes se someter\u00e1n a los jueces y tribunales de Palma de Mallorca.<\/p>\n<\/div>\n<p><\/div>\n<p><\/div>\n<p><\/div>\n<p><\/div>\n<p><\/div>\n<p><\/div>\n<p>[\/et_pb_text][et_pb_button button_url=\u00bbhttps:\/\/quadergroup.com\/es\/\u00bb button_text=\u00bbVolver arriba\u00bb button_alignment=\u00bbleft\u00bb _builder_version=\u00bb4.27.4&#8243; _module_preset=\u00bbdefault\u00bb custom_button=\u00bbon\u00bb button_text_size=\u00bb17px\u00bb button_text_color=\u00bb#FFFFFF\u00bb button_bg_color=\u00bb#0A273C\u00bb button_border_width=\u00bb1px\u00bb button_border_color=\u00bb#0a273c\u00bb button_border_radius=\u00bb0px\u00bb button_letter_spacing=\u00bb-0.5px\u00bb button_font=\u00bbManrope|700|||||||\u00bb button_use_icon=\u00bboff\u00bb custom_margin=\u00bb4%|16px|0px|0px|false|false\u00bb custom_margin_tablet=\u00bb0px|16px|0px|0px|false|false\u00bb custom_margin_phone=\u00bb0px|16px|30px|0px|false|false\u00bb custom_margin_last_edited=\u00bbon|phone\u00bb custom_padding=\u00bb17px|32px|17px|32px|true|true\u00bb animation_style=\u00bbslide\u00bb animation_direction=\u00bbbottom\u00bb animation_delay=\u00bb100ms\u00bb animation_intensity_slide=\u00bb10%\u00bb animation_speed_curve=\u00bbease\u00bb hover_enabled=\u00bb0&#8243; global_colors_info=\u00bb{}\u00bb button_bg_color__hover_enabled=\u00bbon|hover\u00bb button_bg_color__hover=\u00bbRGBA(255,255,255,0)\u00bb button_bg_enable_color__hover=\u00bbon\u00bb button_text_color__hover_enabled=\u00bbon|hover\u00bb button_text_color__hover=\u00bb#0a273c\u00bb button_letter_spacing__hover_enabled=\u00bbon|hover\u00bb button_letter_spacing__hover=\u00bb0px\u00bb button_border_color__hover_enabled=\u00bbon|hover\u00bb button_border_color__hover=\u00bb#0a273c\u00bb theme_builder_area=\u00bbpost_content\u00bb sticky_enabled=\u00bb0&#8243;][\/et_pb_button][\/et_pb_column][\/et_pb_row][\/et_pb_section]<\/p>\n","protected":false},"excerpt":{"rendered":"<p>Aviso LegalLea atentamente nuestro \u2018Aviso legal\u2019 para garantizar que tenga la mejor experiencia de usuario. El titular del sitio web es QUADER SOLUTIONS, S.L. con N\u00famero de Identificaci\u00f3n Fiscal *CIF* y domicilio social en C\/ Oms, 50 &#8211; 1 A, 07003 Palma de Mallorca. Detalles de registro Registro Mercantil de las Islas Baleares, Folio \u2026, [&hellip;]<\/p>\n","protected":false},"author":1,"featured_media":0,"parent":0,"menu_order":0,"comment_status":"closed","ping_status":"closed","template":"","meta":{"_et_pb_use_builder":"on","_et_pb_old_content":"","_et_gb_content_width":"","footnotes":""},"class_list":["post-707","page","type-page","status-publish","hentry"],"yoast_head":"<!-- This site is optimized with the Yoast SEO plugin v26.8 - https:\/\/yoast.com\/product\/yoast-seo-wordpress\/ -->\n<title>Aviso Legal - Quader<\/title>\n<meta name=\"robots\" content=\"noindex, nofollow\" \/>\n<meta property=\"og:locale\" content=\"es_ES\" \/>\n<meta property=\"og:type\" content=\"article\" \/>\n<meta property=\"og:title\" content=\"Aviso Legal - Quader\" \/>\n<meta property=\"og:description\" content=\"Aviso LegalLea atentamente nuestro \u2018Aviso legal\u2019 para garantizar que tenga la mejor experiencia de usuario. El titular del sitio web es QUADER SOLUTIONS, S.L. con N\u00famero de Identificaci\u00f3n Fiscal *CIF* y domicilio social en C\/ Oms, 50 - 1 A, 07003 Palma de Mallorca. Detalles de registro Registro Mercantil de las Islas Baleares, Folio \u2026, [&hellip;]\" \/>\n<meta property=\"og:url\" content=\"https:\/\/quadergroup.com\/es\/aviso-legal\/\" \/>\n<meta property=\"og:site_name\" content=\"Quader\" \/>\n<meta property=\"article:modified_time\" content=\"2025-10-08T10:59:58+00:00\" \/>\n<meta name=\"twitter:card\" content=\"summary_large_image\" \/>\n<meta name=\"twitter:label1\" content=\"Tiempo de lectura\" \/>\n\t<meta name=\"twitter:data1\" content=\"10 minutos\" \/>\n<script type=\"application\/ld+json\" class=\"yoast-schema-graph\">{\"@context\":\"https:\/\/schema.org\",\"@graph\":[{\"@type\":\"WebPage\",\"@id\":\"https:\/\/quadergroup.com\/es\/aviso-legal\/\",\"url\":\"https:\/\/quadergroup.com\/es\/aviso-legal\/\",\"name\":\"Aviso Legal - Quader\",\"isPartOf\":{\"@id\":\"https:\/\/quadergroup.com\/es\/#website\"},\"datePublished\":\"2025-09-17T12:46:16+00:00\",\"dateModified\":\"2025-10-08T10:59:58+00:00\",\"breadcrumb\":{\"@id\":\"https:\/\/quadergroup.com\/es\/aviso-legal\/#breadcrumb\"},\"inLanguage\":\"es\",\"potentialAction\":[{\"@type\":\"ReadAction\",\"target\":[\"https:\/\/quadergroup.com\/es\/aviso-legal\/\"]}]},{\"@type\":\"BreadcrumbList\",\"@id\":\"https:\/\/quadergroup.com\/es\/aviso-legal\/#breadcrumb\",\"itemListElement\":[{\"@type\":\"ListItem\",\"position\":1,\"name\":\"Home\",\"item\":\"https:\/\/quadergroup.com\/es\/\"},{\"@type\":\"ListItem\",\"position\":2,\"name\":\"Aviso Legal\"}]},{\"@type\":\"WebSite\",\"@id\":\"https:\/\/quadergroup.com\/es\/#website\",\"url\":\"https:\/\/quadergroup.com\/es\/\",\"name\":\"Quader\",\"description\":\"Smart Living Solutions\",\"potentialAction\":[{\"@type\":\"SearchAction\",\"target\":{\"@type\":\"EntryPoint\",\"urlTemplate\":\"https:\/\/quadergroup.com\/es\/?s={search_term_string}\"},\"query-input\":{\"@type\":\"PropertyValueSpecification\",\"valueRequired\":true,\"valueName\":\"search_term_string\"}}],\"inLanguage\":\"es\"}]}<\/script>\n<!-- \/ Yoast SEO plugin. -->","yoast_head_json":{"title":"Aviso Legal - Quader","robots":{"index":"noindex","follow":"nofollow"},"og_locale":"es_ES","og_type":"article","og_title":"Aviso Legal - Quader","og_description":"Aviso LegalLea atentamente nuestro \u2018Aviso legal\u2019 para garantizar que tenga la mejor experiencia de usuario. El titular del sitio web es QUADER SOLUTIONS, S.L. con N\u00famero de Identificaci\u00f3n Fiscal *CIF* y domicilio social en C\/ Oms, 50 - 1 A, 07003 Palma de Mallorca. Detalles de registro Registro Mercantil de las Islas Baleares, Folio \u2026, [&hellip;]","og_url":"https:\/\/quadergroup.com\/es\/aviso-legal\/","og_site_name":"Quader","article_modified_time":"2025-10-08T10:59:58+00:00","twitter_card":"summary_large_image","twitter_misc":{"Tiempo de lectura":"10 minutos"},"schema":{"@context":"https:\/\/schema.org","@graph":[{"@type":"WebPage","@id":"https:\/\/quadergroup.com\/es\/aviso-legal\/","url":"https:\/\/quadergroup.com\/es\/aviso-legal\/","name":"Aviso Legal - Quader","isPartOf":{"@id":"https:\/\/quadergroup.com\/es\/#website"},"datePublished":"2025-09-17T12:46:16+00:00","dateModified":"2025-10-08T10:59:58+00:00","breadcrumb":{"@id":"https:\/\/quadergroup.com\/es\/aviso-legal\/#breadcrumb"},"inLanguage":"es","potentialAction":[{"@type":"ReadAction","target":["https:\/\/quadergroup.com\/es\/aviso-legal\/"]}]},{"@type":"BreadcrumbList","@id":"https:\/\/quadergroup.com\/es\/aviso-legal\/#breadcrumb","itemListElement":[{"@type":"ListItem","position":1,"name":"Home","item":"https:\/\/quadergroup.com\/es\/"},{"@type":"ListItem","position":2,"name":"Aviso Legal"}]},{"@type":"WebSite","@id":"https:\/\/quadergroup.com\/es\/#website","url":"https:\/\/quadergroup.com\/es\/","name":"Quader","description":"Smart Living Solutions","potentialAction":[{"@type":"SearchAction","target":{"@type":"EntryPoint","urlTemplate":"https:\/\/quadergroup.com\/es\/?s={search_term_string}"},"query-input":{"@type":"PropertyValueSpecification","valueRequired":true,"valueName":"search_term_string"}}],"inLanguage":"es"}]}},"_links":{"self":[{"href":"https:\/\/quadergroup.com\/es\/wp-json\/wp\/v2\/pages\/707","targetHints":{"allow":["GET"]}}],"collection":[{"href":"https:\/\/quadergroup.com\/es\/wp-json\/wp\/v2\/pages"}],"about":[{"href":"https:\/\/quadergroup.com\/es\/wp-json\/wp\/v2\/types\/page"}],"author":[{"embeddable":true,"href":"https:\/\/quadergroup.com\/es\/wp-json\/wp\/v2\/users\/1"}],"replies":[{"embeddable":true,"href":"https:\/\/quadergroup.com\/es\/wp-json\/wp\/v2\/comments?post=707"}],"version-history":[{"count":2,"href":"https:\/\/quadergroup.com\/es\/wp-json\/wp\/v2\/pages\/707\/revisions"}],"predecessor-version":[{"id":709,"href":"https:\/\/quadergroup.com\/es\/wp-json\/wp\/v2\/pages\/707\/revisions\/709"}],"wp:attachment":[{"href":"https:\/\/quadergroup.com\/es\/wp-json\/wp\/v2\/media?parent=707"}],"curies":[{"name":"wp","href":"https:\/\/api.w.org\/{rel}","templated":true}]}}