{"id":697,"date":"2025-09-17T12:45:56","date_gmt":"2025-09-17T12:45:56","guid":{"rendered":"https:\/\/quadergroup.com\/politica-de-cookies\/"},"modified":"2025-10-08T09:43:57","modified_gmt":"2025-10-08T09:43:57","slug":"politica-de-cookies","status":"publish","type":"page","link":"https:\/\/quadergroup.com\/es\/politica-de-cookies\/","title":{"rendered":"Pol\u00edtica de Cookies"},"content":{"rendered":"<p>[et_pb_section fb_built=\u00bb1&#8243; _builder_version=\u00bb4.27.4&#8243; _module_preset=\u00bbdefault\u00bb background_color=\u00bb#0a273c\u00bb background_blend=\u00bbmultiply\u00bb custom_margin=\u00bb|30px||30px|false|true\u00bb custom_margin_tablet=\u00bb|30px||30px|false|true\u00bb custom_margin_phone=\u00bb|15px||15px|false|true\u00bb custom_margin_last_edited=\u00bbon|phone\u00bb custom_padding=\u00bb10%||10%||true|false\u00bb hover_enabled=\u00bb0&#8243; border_radii=\u00bbon|6px|6px|6px|6px\u00bb locked=\u00bboff\u00bb global_colors_info=\u00bb{}\u00bb theme_builder_area=\u00bbpost_content\u00bb background_enable_image=\u00bboff\u00bb sticky_enabled=\u00bb0&#8243;][et_pb_row custom_padding_last_edited=\u00bbon|phone\u00bb _builder_version=\u00bb4.27.4&#8243; _module_preset=\u00bbdefault\u00bb width=\u00bb90%\u00bb max_width=\u00bb90%\u00bb custom_margin=\u00bb0px||||false|false\u00bb custom_margin_tablet=\u00bb0px||||false|false\u00bb custom_margin_phone=\u00bb60%||0px||false|false\u00bb custom_margin_last_edited=\u00bbon|phone\u00bb custom_padding=\u00bb0px||||false|false\u00bb custom_padding_tablet=\u00bb0px||||false|false\u00bb custom_padding_phone=\u00bb0px||0px||false|false\u00bb locked=\u00bboff\u00bb global_colors_info=\u00bb{}\u00bb theme_builder_area=\u00bbpost_content\u00bb][et_pb_column type=\u00bb4_4&#8243; _builder_version=\u00bb4.27.4&#8243; _module_preset=\u00bbdefault\u00bb global_colors_info=\u00bb{}\u00bb theme_builder_area=\u00bbpost_content\u00bb][et_pb_text _builder_version=\u00bb4.27.4&#8243; _module_preset=\u00bbdefault\u00bb header_font=\u00bbManrope||||||||\u00bb header_text_color=\u00bb#FFFFFF\u00bb header_font_size=\u00bb48px\u00bb header_2_font=\u00bbManrope|300|||||||\u00bb header_2_text_color=\u00bb#FFFFFF\u00bb header_2_font_size=\u00bb48px\u00bb header_2_letter_spacing=\u00bb-0.5px\u00bb max_width=\u00bb620px\u00bb module_alignment=\u00bbleft\u00bb custom_margin=\u00bb||0.5%||false|false\u00bb custom_padding=\u00bb||0px||false|false\u00bb header_font_size_tablet=\u00bb44px\u00bb header_font_size_phone=\u00bb31px\u00bb header_font_size_last_edited=\u00bbon|phone\u00bb global_colors_info=\u00bb{}\u00bb theme_builder_area=\u00bbpost_content\u00bb]<\/p>\n<h1 style=\"text-align: left;\">Pol\u00edtica de Cookies<\/h1>\n<p>[\/et_pb_text][\/et_pb_column][\/et_pb_row][\/et_pb_section][et_pb_section fb_built=\u00bb1&#8243; custom_padding_last_edited=\u00bbon|phone\u00bb admin_label=\u00bbProducts\u00bb module_id=\u00bbBienvenida\u00bb _builder_version=\u00bb4.27.4&#8243; _module_preset=\u00bbdefault\u00bb background_color=\u00bb#FFFFFF\u00bb background_enable_image=\u00bboff\u00bb parallax=\u00bbon\u00bb custom_padding_tablet=\u00bb80px||80px||true|false\u00bb custom_padding_phone=\u00bb25px||40px||false|false\u00bb scroll_horizontal_motion_enable=\u00bboff\u00bb motion_trigger_start=\u00bbtop\u00bb background_last_edited=\u00bbon|desktop\u00bb background_enable_image_tablet=\u00bboff\u00bb parallax_phone=\u00bbon\u00bb background_blend_phone=\u00bbnormal\u00bb locked=\u00bboff\u00bb collapsed=\u00bbon\u00bb global_colors_info=\u00bb{}\u00bb theme_builder_area=\u00bbpost_content\u00bb][et_pb_row use_custom_gutter=\u00bbon\u00bb gutter_width=\u00bb2&#8243; make_equal=\u00bbon\u00bb custom_padding_last_edited=\u00bbon|phone\u00bb module_id=\u00bbFormulario\u00bb _builder_version=\u00bb4.27.4&#8243; _module_preset=\u00bbdefault\u00bb background_enable_color=\u00bboff\u00bb width=\u00bb90%\u00bb width_tablet=\u00bb90%\u00bb width_phone=\u00bb90%\u00bb width_last_edited=\u00bbon|tablet\u00bb max_width=\u00bb90%\u00bb max_width_tablet=\u00bb90%\u00bb max_width_phone=\u00bb90%\u00bb max_width_last_edited=\u00bbon|desktop\u00bb custom_padding_tablet=\u00bb0px||||false|false\u00bb custom_padding_phone=\u00bb0px||0px||false|false\u00bb hover_enabled=\u00bb0&#8243; custom_css_main_element=\u00bbdisplay: flex;||align-items: center;\u00bb global_colors_info=\u00bb{}\u00bb custom_css_main_element_last_edited=\u00bbon|tablet\u00bb custom_css_main_element_phone=\u00bbdisplay: inherit;||align-items: inherit;\u00bb custom_css_main_element_tablet=\u00bbdisplay: inherit;||align-items: inherit;\u00bb theme_builder_area=\u00bbpost_content\u00bb sticky_enabled=\u00bb0&#8243;][et_pb_column type=\u00bb4_4&#8243; _builder_version=\u00bb4.27.4&#8243; _module_preset=\u00bbdefault\u00bb custom_padding=\u00bb0px|2%|0px||true|false\u00bb custom_padding_tablet=\u00bb5%|35px|5%|35px|true|true\u00bb custom_padding_phone=\u00bb5%|10px|5%|10px|true|true\u00bb custom_padding_last_edited=\u00bboff|desktop\u00bb animation_style=\u00bbfade\u00bb animation_delay=\u00bb500ms\u00bb border_color_right=\u00bbrgba(125,125,126,0.24)\u00bb border_color_left=\u00bbrgba(125,125,126,0.24)\u00bb global_colors_info=\u00bb{}\u00bb theme_builder_area=\u00bbpost_content\u00bb][et_pb_text _builder_version=\u00bb4.27.4&#8243; _module_preset=\u00bbdefault\u00bb header_2_font=\u00bbManrope|300|||||||\u00bb header_2_text_color=\u00bb#0a273c\u00bb header_2_font_size=\u00bb46px\u00bb header_2_letter_spacing=\u00bb-0.5px\u00bb header_2_line_height=\u00bb1.1em\u00bb module_alignment=\u00bbcenter\u00bb custom_margin=\u00bb||0.5%||false|false\u00bb custom_padding=\u00bb||0px||false|false\u00bb hover_enabled=\u00bb0&#8243; header_2_font_size_tablet=\u00bb46px\u00bb header_2_font_size_phone=\u00bb38px\u00bb header_2_font_size_last_edited=\u00bbon|phone\u00bb global_colors_info=\u00bb{}\u00bb theme_builder_area=\u00bbpost_content\u00bb sticky_enabled=\u00bb0&#8243;]<\/p>\n<h2>Lea atentamente nuestra \u2018Pol\u00edtica de cookies\u2019 para asegurarse de tener la mejor experiencia de usuario.<\/h2>\n<p>[\/et_pb_text][et_pb_text _builder_version=\u00bb4.27.4&#8243; _module_preset=\u00bbdefault\u00bb text_font=\u00bbManrope||||||||\u00bb text_font_size=\u00bb19px\u00bb text_line_height=\u00bb1.4em\u00bb module_alignment=\u00bbleft\u00bb custom_margin=\u00bb0px||||false|false\u00bb custom_padding=\u00bb0px||||false|false\u00bb hover_enabled=\u00bb0&#8243; locked=\u00bboff\u00bb global_colors_info=\u00bb{}\u00bb theme_builder_area=\u00bbpost_content\u00bb sticky_enabled=\u00bb0&#8243; header_3_font=\u00bbManrope||||||||\u00bb header_3_text_color=\u00bb#0a273c\u00bb link_font=\u00bbManrope||||||||\u00bb link_text_color=\u00bb#0a273c\u00bb]<\/p>\n<div class=\"text\">\n<div class=\"text\">\n<div class=\"wpb_column vc_column_container vc_col-sm-6\">\n<div class=\"vc_column-inner \">\n<div class=\"wpb_wrapper\">\n<div class=\"wpb_text_column wpb_content_element \">\n<div class=\"wpb_wrapper\">\n<p>El propietario del sitio web QUADER SOLUTIONS, S.L. le informa sobre el uso de cookies en este sitio web:<\/p>\n<p>Las cookies son archivos que se pueden descargar en su ordenador a trav\u00e9s de las p\u00e1ginas web que visita. Son herramientas esenciales para la prestaci\u00f3n de numerosos servicios de la sociedad de la informaci\u00f3n (servicios de internet).<\/p>\n<p><span style=\"text-decoration: underline;\">Tipos de cookies seg\u00fan la normativa 4\/2012 del GT29<\/span><\/p>\n<p>Cookies de entrada de usuario.<br \/>Cookies de identificaci\u00f3n o autenticaci\u00f3n de usuario (solo de sesi\u00f3n).<br \/>Cookies de seguridad del usuario (solicitadas por el usuario).<br \/>Cookies de reproductor multimedia (estrictamente necesarias para la reproducci\u00f3n de contenido).<br \/>Cookies de sesi\u00f3n para equilibrar la carga.<br \/>Cookies de personalizaci\u00f3n de la interfaz de usuario.<br \/>Cookies de complemento para el intercambio de contenido social.<\/p>\n<p>Este sitio web utiliza cookies de este tipo, que permiten el funcionamiento y la prestaci\u00f3n del servicio.<\/p>\n<p>Cookies exentas de consentimiento:<\/p>\n<ul>\n<li>Medici\u00f3n de audiencia, p\u00e1gina por p\u00e1gina;<\/li>\n<li>La lista de p\u00e1ginas desde las que se ha seguido un enlace para solicitar la p\u00e1gina actual (a veces denominada \u00abreferente\u00bb), ya sea interna o externa al sitio, por p\u00e1gina y agregada diariamente;<\/li>\n<li>Determinaci\u00f3n del tipo de dispositivo, navegador y tama\u00f1o de pantalla de los visitantes, por p\u00e1gina y agregado diariamente;<\/li>\n<li>Estad\u00edsticas de tiempo de carga de p\u00e1gina, por p\u00e1gina y agregadas por hora;<\/li>\n<li>Estad\u00edsticas sobre el tiempo invertido en cada p\u00e1gina, tasa de rebote, profundidad de desplazamiento, por p\u00e1gina y agregadas diariamente.<\/li>\n<li>Estad\u00edsticas sobre acciones de los usuarios (clics, selecciones), por p\u00e1gina y agregadas diariamente; P\u00e1gina: 4 de 5<\/li>\n<li>Estad\u00edsticas sobre el \u00e1rea geogr\u00e1fica de origen de las solicitudes, por p\u00e1gina y agregadas diariamente.<\/li>\n<\/ul>\n<p>Por tanto, cualquier otro tratamiento de datos m\u00e1s all\u00e1 de estos listados, tanto por parte del editor como del proveedor, deber\u00e1 contar con el consentimiento del interesado para que sea considerado l\u00edcito.<\/p>\n<p>Sin excepciones: (se requiere consentimiento)<\/p>\n<h3>Tipos de cookies<\/h3>\n<p><span style=\"text-decoration: underline;\">Cookies seg\u00fan la entidad que las gestione:<\/span><\/p>\n<p><strong>Cookies propias:<\/strong> Son aquellas que se env\u00edan al equipo terminal del usuario desde un equipo o dominio gestionado por el propio editor y desde el que se presta el servicio solicitado por el usuario.<\/p>\n<p><strong>Cookies de terceros:<\/strong> Se env\u00edan al equipo terminal del usuario desde un equipo o dominio gestionado por otra entidad que trata los datos obtenidos mediante cookies. Si acepta las cookies de terceros y desea eliminarlas, deber\u00e1 hacerlo desde las opciones de su navegador o desde el sistema del tercero.<\/p>\n<p><span style=\"text-decoration: underline;\">Cookies seg\u00fan el tiempo que permanecen activas:<\/span><\/p>\n<p><strong>Cookies de sesi\u00f3n:<\/strong> Recaban y almacenan datos mientras el usuario accede a la p\u00e1gina web.<\/p>\n<p><strong>Cookies persistentes:<\/strong> Son un tipo de cookies en el que los datos permanecen almacenados en el terminal y pueden ser accedidos y tratados durante un periodo definido por el responsable de la cookie, que puede ir de unos minutos a varios a\u00f1os. En este \u00faltimo caso, al instalarse cookies persistentes, su duraci\u00f3n se reducir\u00e1 al m\u00ednimo necesario, teniendo en cuenta la finalidad de su uso.<\/p>\n<p><span style=\"text-decoration: underline;\">Cookies seg\u00fan finalidad:<\/span><\/p>\n<p><strong>Cookies t\u00e9cnicas:<\/strong> Son aquellas que permiten al usuario la navegaci\u00f3n a trav\u00e9s de una p\u00e1gina web, plataforma o aplicaci\u00f3n y la utilizaci\u00f3n de las diferentes opciones o servicios que en ella existan, incluyendo aquellas que el editor utiliza para permitir la gesti\u00f3n y operativa de la p\u00e1gina web y habilitar sus funciones y servicios.<\/p>\n<p><strong>Cookies de an\u00e1lisis:<\/strong> Son aquellas que, bien tratadas por el titular de la web o por terceros, permiten cuantificar el n\u00famero de usuarios y as\u00ed realizar la medici\u00f3n y an\u00e1lisis estad\u00edstico de la utilizaci\u00f3n que hacen los usuarios del servicio ofertado.<\/p>\n<p>Para ello se analiza su navegaci\u00f3n en el sitio web con el fin de mejorar la oferta de productos o servicios que le ofrecemos.<\/p>\n<p><strong>Cookies de preferencias o personalizaci\u00f3n:<\/strong> Permiten recordar informaci\u00f3n para que el usuario acceda al servicio con determinadas caracter\u00edsticas que pueden diferenciar su experiencia de la de otros usuarios en funci\u00f3n del tipo de navegador o de la regi\u00f3n desde donde accede al sitio web, etc. (por ejemplo, el idioma).<\/p>\n<p><span style=\"text-decoration: underline;\"><em>Ejemplos:<\/em><\/span><\/p>\n<p>Este sitio web utiliza Google Analytics, un servicio de anal\u00edtica web desarrollado por Google, Inc. con sede en Estados Unidos y sede central en 1600 Amphitheatre Parkway, Mountain View, California 94043. Para la prestaci\u00f3n de estos servicios, se utilizan cookies que recopilan informaci\u00f3n, incluida la direcci\u00f3n IP del Usuario, que ser\u00e1 transmitida, tratada y almacenada por Google en los t\u00e9rminos establecidos. Esto incluye la posible transmisi\u00f3n de dicha informaci\u00f3n a terceros por motivos legales o cuando dichos terceros procesen la informaci\u00f3n por cuenta de Google.<\/p>\n<p>La anal\u00edtica web proporciona informaci\u00f3n sobre el n\u00famero de Usuarios que acceden al sitio web, el n\u00famero de p\u00e1ginas vistas, la frecuencia y repetici\u00f3n de las visitas, su duraci\u00f3n, el navegador utilizado, el operador que presta el servicio, el idioma, el terminal utilizado o la ciudad a la que est\u00e1 asignada su direcci\u00f3n IP. Esta informaci\u00f3n permite a este sitio web ofrecer un servicio mejor y m\u00e1s adecuado.<\/p>\n<p><strong>Terceros que prestan servicios<\/strong><br \/>En concreto, los terceros con los que hemos contratado un servicio que requiere el uso de cookies son:<\/p>\n<p>Google analytics<br \/>Anal\u00edtica Web<br \/><a href=\"http:\/\/www.google.com\/intl\/en\/policies\/privacy\/\">http:\/\/www.google.com\/intl\/en\/policies\/privacy\/<\/a>\u00a0<\/p>\n<h3>Aceptaci\u00f3n de la Pol\u00edtica de Cookies<\/h3>\n<p>La empresa muestra informaci\u00f3n sobre su Pol\u00edtica de Cookies en cada p\u00e1gina del sitio web cada vez que inicia sesi\u00f3n para que est\u00e9 al tanto.<\/p>\n<p>Con esta informaci\u00f3n, puede realizar las siguientes acciones:<\/p>\n<ul>\n<li><strong>Aceptar cookies.<\/strong> Este aviso no se volver\u00e1 a mostrar al acceder a cualquier p\u00e1gina del sitio web durante la sesi\u00f3n actual.<\/li>\n<li><strong>Configuraci\u00f3n:<\/strong> puede modificar la configuraci\u00f3n de cookies y \/ o rechazarlos.<\/li>\n<\/ul>\n<\/div>\n<p><\/div>\n<p><\/div>\n<p><\/div>\n<p><\/div>\n<p><\/div>\n<p><\/div>\n<p>[\/et_pb_text][et_pb_button button_url=\u00bbhttps:\/\/quadergroup.com\/es\/\u00bb button_text=\u00bbVolver arriba\u00bb button_alignment=\u00bbleft\u00bb _builder_version=\u00bb4.27.4&#8243; _module_preset=\u00bbdefault\u00bb custom_button=\u00bbon\u00bb button_text_size=\u00bb17px\u00bb button_text_color=\u00bb#FFFFFF\u00bb button_bg_color=\u00bb#0A273C\u00bb button_border_width=\u00bb1px\u00bb button_border_color=\u00bb#0a273c\u00bb button_border_radius=\u00bb0px\u00bb button_letter_spacing=\u00bb-0.5px\u00bb button_font=\u00bbManrope|700|||||||\u00bb button_use_icon=\u00bboff\u00bb custom_margin=\u00bb4%|16px|0px|0px|false|false\u00bb custom_margin_tablet=\u00bb0px|16px|0px|0px|false|false\u00bb custom_margin_phone=\u00bb0px|16px|30px|0px|false|false\u00bb custom_margin_last_edited=\u00bbon|phone\u00bb custom_padding=\u00bb17px|32px|17px|32px|true|true\u00bb animation_style=\u00bbslide\u00bb animation_direction=\u00bbbottom\u00bb animation_delay=\u00bb100ms\u00bb animation_intensity_slide=\u00bb10%\u00bb animation_speed_curve=\u00bbease\u00bb hover_enabled=\u00bb0&#8243; global_colors_info=\u00bb{}\u00bb button_bg_color__hover_enabled=\u00bbon|hover\u00bb button_bg_color__hover=\u00bbRGBA(255,255,255,0)\u00bb button_bg_enable_color__hover=\u00bbon\u00bb button_text_color__hover_enabled=\u00bbon|hover\u00bb button_text_color__hover=\u00bb#0a273c\u00bb button_letter_spacing__hover_enabled=\u00bbon|hover\u00bb button_letter_spacing__hover=\u00bb0px\u00bb button_border_color__hover_enabled=\u00bbon|hover\u00bb button_border_color__hover=\u00bb#0a273c\u00bb theme_builder_area=\u00bbpost_content\u00bb sticky_enabled=\u00bb0&#8243;][\/et_pb_button][\/et_pb_column][\/et_pb_row][\/et_pb_section]<\/p>\n","protected":false},"excerpt":{"rendered":"<p>Pol\u00edtica de CookiesLea atentamente nuestra \u2018Pol\u00edtica de cookies\u2019 para asegurarse de tener la mejor experiencia de usuario. El propietario del sitio web QUADER SOLUTIONS, S.L. le informa sobre el uso de cookies en este sitio web: Las cookies son archivos que se pueden descargar en su ordenador a trav\u00e9s de las p\u00e1ginas web que visita. [&hellip;]<\/p>\n","protected":false},"author":1,"featured_media":0,"parent":0,"menu_order":0,"comment_status":"closed","ping_status":"closed","template":"","meta":{"_et_pb_use_builder":"on","_et_pb_old_content":"","_et_gb_content_width":"","footnotes":""},"class_list":["post-697","page","type-page","status-publish","hentry"],"yoast_head":"<!-- This site is optimized with the Yoast SEO plugin v26.8 - https:\/\/yoast.com\/product\/yoast-seo-wordpress\/ -->\n<title>Pol\u00edtica de Cookies - Quader<\/title>\n<meta name=\"robots\" content=\"noindex, nofollow\" \/>\n<meta property=\"og:locale\" content=\"es_ES\" \/>\n<meta property=\"og:type\" content=\"article\" \/>\n<meta property=\"og:title\" content=\"Pol\u00edtica de Cookies - Quader\" \/>\n<meta property=\"og:description\" content=\"Pol\u00edtica de CookiesLea atentamente nuestra \u2018Pol\u00edtica de cookies\u2019 para asegurarse de tener la mejor experiencia de usuario. El propietario del sitio web QUADER SOLUTIONS, S.L. le informa sobre el uso de cookies en este sitio web: Las cookies son archivos que se pueden descargar en su ordenador a trav\u00e9s de las p\u00e1ginas web que visita. [&hellip;]\" \/>\n<meta property=\"og:url\" content=\"https:\/\/quadergroup.com\/es\/politica-de-cookies\/\" \/>\n<meta property=\"og:site_name\" content=\"Quader\" \/>\n<meta property=\"article:modified_time\" content=\"2025-10-08T09:43:57+00:00\" \/>\n<meta name=\"twitter:card\" content=\"summary_large_image\" \/>\n<meta name=\"twitter:label1\" content=\"Tiempo de lectura\" \/>\n\t<meta name=\"twitter:data1\" content=\"9 minutos\" \/>\n<script type=\"application\/ld+json\" class=\"yoast-schema-graph\">{\"@context\":\"https:\/\/schema.org\",\"@graph\":[{\"@type\":\"WebPage\",\"@id\":\"https:\/\/quadergroup.com\/es\/politica-de-cookies\/\",\"url\":\"https:\/\/quadergroup.com\/es\/politica-de-cookies\/\",\"name\":\"Pol\u00edtica de Cookies - Quader\",\"isPartOf\":{\"@id\":\"https:\/\/quadergroup.com\/es\/#website\"},\"datePublished\":\"2025-09-17T12:45:56+00:00\",\"dateModified\":\"2025-10-08T09:43:57+00:00\",\"breadcrumb\":{\"@id\":\"https:\/\/quadergroup.com\/es\/politica-de-cookies\/#breadcrumb\"},\"inLanguage\":\"es\",\"potentialAction\":[{\"@type\":\"ReadAction\",\"target\":[\"https:\/\/quadergroup.com\/es\/politica-de-cookies\/\"]}]},{\"@type\":\"BreadcrumbList\",\"@id\":\"https:\/\/quadergroup.com\/es\/politica-de-cookies\/#breadcrumb\",\"itemListElement\":[{\"@type\":\"ListItem\",\"position\":1,\"name\":\"Home\",\"item\":\"https:\/\/quadergroup.com\/es\/\"},{\"@type\":\"ListItem\",\"position\":2,\"name\":\"Pol\u00edtica de Cookies\"}]},{\"@type\":\"WebSite\",\"@id\":\"https:\/\/quadergroup.com\/es\/#website\",\"url\":\"https:\/\/quadergroup.com\/es\/\",\"name\":\"Quader\",\"description\":\"Smart Living Solutions\",\"potentialAction\":[{\"@type\":\"SearchAction\",\"target\":{\"@type\":\"EntryPoint\",\"urlTemplate\":\"https:\/\/quadergroup.com\/es\/?s={search_term_string}\"},\"query-input\":{\"@type\":\"PropertyValueSpecification\",\"valueRequired\":true,\"valueName\":\"search_term_string\"}}],\"inLanguage\":\"es\"}]}<\/script>\n<!-- \/ Yoast SEO plugin. -->","yoast_head_json":{"title":"Pol\u00edtica de Cookies - Quader","robots":{"index":"noindex","follow":"nofollow"},"og_locale":"es_ES","og_type":"article","og_title":"Pol\u00edtica de Cookies - Quader","og_description":"Pol\u00edtica de CookiesLea atentamente nuestra \u2018Pol\u00edtica de cookies\u2019 para asegurarse de tener la mejor experiencia de usuario. El propietario del sitio web QUADER SOLUTIONS, S.L. le informa sobre el uso de cookies en este sitio web: Las cookies son archivos que se pueden descargar en su ordenador a trav\u00e9s de las p\u00e1ginas web que visita. [&hellip;]","og_url":"https:\/\/quadergroup.com\/es\/politica-de-cookies\/","og_site_name":"Quader","article_modified_time":"2025-10-08T09:43:57+00:00","twitter_card":"summary_large_image","twitter_misc":{"Tiempo de lectura":"9 minutos"},"schema":{"@context":"https:\/\/schema.org","@graph":[{"@type":"WebPage","@id":"https:\/\/quadergroup.com\/es\/politica-de-cookies\/","url":"https:\/\/quadergroup.com\/es\/politica-de-cookies\/","name":"Pol\u00edtica de Cookies - Quader","isPartOf":{"@id":"https:\/\/quadergroup.com\/es\/#website"},"datePublished":"2025-09-17T12:45:56+00:00","dateModified":"2025-10-08T09:43:57+00:00","breadcrumb":{"@id":"https:\/\/quadergroup.com\/es\/politica-de-cookies\/#breadcrumb"},"inLanguage":"es","potentialAction":[{"@type":"ReadAction","target":["https:\/\/quadergroup.com\/es\/politica-de-cookies\/"]}]},{"@type":"BreadcrumbList","@id":"https:\/\/quadergroup.com\/es\/politica-de-cookies\/#breadcrumb","itemListElement":[{"@type":"ListItem","position":1,"name":"Home","item":"https:\/\/quadergroup.com\/es\/"},{"@type":"ListItem","position":2,"name":"Pol\u00edtica de Cookies"}]},{"@type":"WebSite","@id":"https:\/\/quadergroup.com\/es\/#website","url":"https:\/\/quadergroup.com\/es\/","name":"Quader","description":"Smart Living Solutions","potentialAction":[{"@type":"SearchAction","target":{"@type":"EntryPoint","urlTemplate":"https:\/\/quadergroup.com\/es\/?s={search_term_string}"},"query-input":{"@type":"PropertyValueSpecification","valueRequired":true,"valueName":"search_term_string"}}],"inLanguage":"es"}]}},"_links":{"self":[{"href":"https:\/\/quadergroup.com\/es\/wp-json\/wp\/v2\/pages\/697","targetHints":{"allow":["GET"]}}],"collection":[{"href":"https:\/\/quadergroup.com\/es\/wp-json\/wp\/v2\/pages"}],"about":[{"href":"https:\/\/quadergroup.com\/es\/wp-json\/wp\/v2\/types\/page"}],"author":[{"embeddable":true,"href":"https:\/\/quadergroup.com\/es\/wp-json\/wp\/v2\/users\/1"}],"replies":[{"embeddable":true,"href":"https:\/\/quadergroup.com\/es\/wp-json\/wp\/v2\/comments?post=697"}],"version-history":[{"count":2,"href":"https:\/\/quadergroup.com\/es\/wp-json\/wp\/v2\/pages\/697\/revisions"}],"predecessor-version":[{"id":699,"href":"https:\/\/quadergroup.com\/es\/wp-json\/wp\/v2\/pages\/697\/revisions\/699"}],"wp:attachment":[{"href":"https:\/\/quadergroup.com\/es\/wp-json\/wp\/v2\/media?parent=697"}],"curies":[{"name":"wp","href":"https:\/\/api.w.org\/{rel}","templated":true}]}}