{"id":691,"date":"2025-09-17T12:44:18","date_gmt":"2025-09-17T12:44:18","guid":{"rendered":"https:\/\/quadergroup.com\/sobre-nosotros\/"},"modified":"2025-11-13T10:23:21","modified_gmt":"2025-11-13T10:23:21","slug":"sobre-nosotros","status":"publish","type":"page","link":"https:\/\/quadergroup.com\/es\/sobre-nosotros\/","title":{"rendered":"Sobre nosotros"},"content":{"rendered":"<p>[et_pb_section fb_built=\u00bb1&#8243; _builder_version=\u00bb4.27.4&#8243; _module_preset=\u00bbdefault\u00bb background_color=\u00bbrgba(10,39,60,0.44)\u00bb background_image=\u00bbhttps:\/\/quadergroup.com\/wp-content\/uploads\/2025\/09\/shutterstock_1248330466.jpg\u00bb background_blend=\u00bbmultiply\u00bb custom_margin=\u00bb|30px||30px|false|true\u00bb custom_margin_tablet=\u00bb|30px||30px|false|true\u00bb custom_margin_phone=\u00bb|15px||15px|false|true\u00bb custom_margin_last_edited=\u00bbon|phone\u00bb custom_padding=\u00bb10%||10%||true|false\u00bb border_radii=\u00bbon|6px|6px|6px|6px\u00bb locked=\u00bboff\u00bb global_colors_info=\u00bb{}\u00bb][et_pb_row custom_padding_last_edited=\u00bbon|phone\u00bb _builder_version=\u00bb4.27.4&#8243; _module_preset=\u00bbdefault\u00bb width=\u00bb90%\u00bb max_width=\u00bb90%\u00bb custom_margin=\u00bb0px||||false|false\u00bb custom_margin_tablet=\u00bb0px||||false|false\u00bb custom_margin_phone=\u00bb60%||0px||false|false\u00bb custom_margin_last_edited=\u00bbon|phone\u00bb custom_padding=\u00bb0px||||false|false\u00bb custom_padding_tablet=\u00bb0px||||false|false\u00bb custom_padding_phone=\u00bb0px||0px||false|false\u00bb locked=\u00bboff\u00bb global_colors_info=\u00bb{}\u00bb][et_pb_column type=\u00bb4_4&#8243; _builder_version=\u00bb4.27.4&#8243; _module_preset=\u00bbdefault\u00bb global_colors_info=\u00bb{}\u00bb][et_pb_text _builder_version=\u00bb4.27.4&#8243; _module_preset=\u00bbdefault\u00bb header_font=\u00bbManrope||||||||\u00bb header_text_color=\u00bb#FFFFFF\u00bb header_font_size=\u00bb48px\u00bb header_2_font=\u00bbManrope|300|||||||\u00bb header_2_text_color=\u00bb#FFFFFF\u00bb header_2_font_size=\u00bb48px\u00bb header_2_letter_spacing=\u00bb-0.5px\u00bb max_width=\u00bb820px\u00bb module_alignment=\u00bbleft\u00bb custom_margin=\u00bb||0.5%||false|false\u00bb custom_padding=\u00bb||0px||false|false\u00bb hover_enabled=\u00bb0&#8243; header_font_size_tablet=\u00bb44px\u00bb header_font_size_phone=\u00bb31px\u00bb header_font_size_last_edited=\u00bbon|phone\u00bb global_colors_info=\u00bb{}\u00bb sticky_enabled=\u00bb0&#8243;]<\/p>\n<h1 style=\"text-align: left;\">QUADER ofrece soluciones de vivienda inteligentes e innovadoras<\/h1>\n<p>[\/et_pb_text][et_pb_text _builder_version=\u00bb4.27.4&#8243; _module_preset=\u00bbdefault\u00bb text_font=\u00bbManrope|300|||||||\u00bb text_text_color=\u00bb#FFFFFF\u00bb text_font_size=\u00bb24px\u00bb text_line_height=\u00bb1.2em\u00bb max_width=\u00bb600px\u00bb module_alignment=\u00bbleft\u00bb custom_margin=\u00bb0px||||false|false\u00bb custom_padding=\u00bb0px||||false|false\u00bb hover_enabled=\u00bb0&#8243; text_font_size_tablet=\u00bb24px\u00bb text_font_size_phone=\u00bb18px\u00bb text_font_size_last_edited=\u00bbon|phone\u00bb global_colors_info=\u00bb{}\u00bb sticky_enabled=\u00bb0&#8243;]<\/p>\n<p>Construcci\u00f3n en serie de madera para m\u00e9todos de construcci\u00f3n sostenibles y flexibles<\/p>\n<p>[\/et_pb_text][\/et_pb_column][\/et_pb_row][\/et_pb_section][et_pb_section fb_built=\u00bb1&#8243; custom_padding_last_edited=\u00bbon|phone\u00bb admin_label=\u00bbProducts\u00bb module_id=\u00bbBienvenida\u00bb _builder_version=\u00bb4.27.4&#8243; _module_preset=\u00bbdefault\u00bb background_color=\u00bb#FFFFFF\u00bb background_enable_image=\u00bboff\u00bb parallax=\u00bbon\u00bb custom_padding_tablet=\u00bb80px||80px||true|false\u00bb custom_padding_phone=\u00bb25px||40px||false|false\u00bb scroll_horizontal_motion_enable=\u00bboff\u00bb motion_trigger_start=\u00bbtop\u00bb background_last_edited=\u00bbon|desktop\u00bb background_enable_image_tablet=\u00bboff\u00bb parallax_phone=\u00bbon\u00bb background_blend_phone=\u00bbnormal\u00bb locked=\u00bboff\u00bb collapsed=\u00bbon\u00bb global_colors_info=\u00bb{}\u00bb][et_pb_row use_custom_gutter=\u00bbon\u00bb gutter_width=\u00bb2&#8243; make_equal=\u00bbon\u00bb custom_padding_last_edited=\u00bbon|phone\u00bb module_id=\u00bbFormulario\u00bb _builder_version=\u00bb4.27.4&#8243; _module_preset=\u00bbdefault\u00bb background_enable_color=\u00bboff\u00bb width=\u00bb95%\u00bb width_tablet=\u00bb90%\u00bb width_phone=\u00bb90%\u00bb width_last_edited=\u00bbon|tablet\u00bb max_width=\u00bb95%\u00bb max_width_tablet=\u00bb90%\u00bb max_width_phone=\u00bb90%\u00bb max_width_last_edited=\u00bbon|desktop\u00bb custom_padding_tablet=\u00bb0px||||false|false\u00bb custom_padding_phone=\u00bb0px||0px||false|false\u00bb custom_css_main_element=\u00bbdisplay: flex;||align-items: center;\u00bb global_colors_info=\u00bb{}\u00bb custom_css_main_element_last_edited=\u00bbon|tablet\u00bb custom_css_main_element_phone=\u00bbdisplay: inherit;||align-items: inherit;\u00bb custom_css_main_element_tablet=\u00bbdisplay: inherit;||align-items: inherit;\u00bb][et_pb_column type=\u00bb4_4&#8243; _builder_version=\u00bb4.27.4&#8243; _module_preset=\u00bbdefault\u00bb custom_padding=\u00bb0px|2%|0px||true|false\u00bb custom_padding_tablet=\u00bb5%|35px|5%|35px|true|true\u00bb custom_padding_phone=\u00bb5%|10px|5%|10px|true|true\u00bb custom_padding_last_edited=\u00bboff|desktop\u00bb animation_style=\u00bbfade\u00bb animation_delay=\u00bb500ms\u00bb border_color_right=\u00bbrgba(125,125,126,0.24)\u00bb border_color_left=\u00bbrgba(125,125,126,0.24)\u00bb global_colors_info=\u00bb{}\u00bb][et_pb_text _builder_version=\u00bb4.27.4&#8243; _module_preset=\u00bbdefault\u00bb header_2_font=\u00bbManrope|300|||||||\u00bb header_2_text_color=\u00bb#0a273c\u00bb header_2_font_size=\u00bb46px\u00bb header_2_letter_spacing=\u00bb-0.5px\u00bb header_2_line_height=\u00bb1.1em\u00bb module_alignment=\u00bbcenter\u00bb custom_margin=\u00bb||0.5%||false|false\u00bb custom_padding=\u00bb||0px||false|false\u00bb header_2_font_size_tablet=\u00bb46px\u00bb header_2_font_size_phone=\u00bb38px\u00bb header_2_font_size_last_edited=\u00bbon|phone\u00bb global_colors_info=\u00bb{}\u00bb]<\/p>\n<h2>Los m\u00f3dulos 3D o las secciones de pared 2D prefabricados industrialmente y producidos en serie se fabrican en un corto per\u00edodo de tiempo y se ensamblan listos para usar, en la f\u00e1brica o en el sitio, en cuesti\u00f3n de d\u00edas.<\/h2>\n<p>[\/et_pb_text][et_pb_text _builder_version=\u00bb4.27.4&#8243; _module_preset=\u00bbdefault\u00bb text_font=\u00bbManrope|300|||||||\u00bb text_font_size=\u00bb24px\u00bb text_line_height=\u00bb1.2em\u00bb max_width=\u00bb1024px\u00bb module_alignment=\u00bbleft\u00bb custom_margin=\u00bb0px||||false|false\u00bb custom_padding=\u00bb0px||||false|false\u00bb hover_enabled=\u00bb0&#8243; locked=\u00bboff\u00bb global_colors_info=\u00bb{}\u00bb sticky_enabled=\u00bb0&#8243;]<\/p>\n<div class=\"text\">\n<div class=\"text\">\n<div class=\"wpb_column vc_column_container vc_col-sm-6\">\n<div class=\"vc_column-inner \">\n<div class=\"wpb_wrapper\">\n<div class=\"wpb_text_column wpb_content_element \">\n<div class=\"wpb_wrapper\">\n<p style=\"text-align: left;\">Conceptos flexibles con altos est\u00e1ndares de calidad y plazos de construcci\u00f3n e instalaci\u00f3n in situ cortos como alternativa a los m\u00e9todos de construcci\u00f3n convencionales. Nuestra tarea es simplificar la compleja coordinaci\u00f3n entre el cliente y el fabricante y entregar productos de alta calidad para lograr una soluci\u00f3n exitosa en poco tiempo.<\/p>\n<\/div>\n<\/div>\n<\/div>\n<\/div>\n<\/div>\n<\/div>\n<\/div>\n<p>[\/et_pb_text][et_pb_button button_url=\u00bb#Por_que_elegirnos\u00bb button_text=\u00bbM\u00e1s informaci\u00f3n\u00bb button_alignment=\u00bbleft\u00bb _builder_version=\u00bb4.27.4&#8243; _module_preset=\u00bbdefault\u00bb custom_button=\u00bbon\u00bb button_text_size=\u00bb17px\u00bb button_text_color=\u00bb#FFFFFF\u00bb button_bg_color=\u00bb#0A273C\u00bb button_border_width=\u00bb1px\u00bb button_border_color=\u00bb#0a273c\u00bb button_border_radius=\u00bb0px\u00bb button_letter_spacing=\u00bb-0.5px\u00bb button_font=\u00bbManrope|700|||||||\u00bb button_use_icon=\u00bboff\u00bb custom_margin=\u00bb4%|16px|0px|0px|false|false\u00bb custom_margin_tablet=\u00bb0px|16px|0px|0px|false|false\u00bb custom_margin_phone=\u00bb0px|16px|30px|0px|false|false\u00bb custom_margin_last_edited=\u00bbon|phone\u00bb custom_padding=\u00bb17px|32px|17px|32px|true|true\u00bb animation_style=\u00bbslide\u00bb animation_direction=\u00bbbottom\u00bb animation_delay=\u00bb100ms\u00bb animation_intensity_slide=\u00bb10%\u00bb animation_speed_curve=\u00bbease\u00bb global_colors_info=\u00bb{}\u00bb button_bg_color__hover_enabled=\u00bbon|hover\u00bb button_bg_color__hover=\u00bbRGBA(255,255,255,0)\u00bb button_bg_enable_color__hover=\u00bbon\u00bb button_text_color__hover_enabled=\u00bbon|hover\u00bb button_text_color__hover=\u00bb#0a273c\u00bb button_letter_spacing__hover_enabled=\u00bbon|hover\u00bb button_letter_spacing__hover=\u00bb0px\u00bb button_border_color__hover_enabled=\u00bbon|hover\u00bb button_border_color__hover=\u00bb#0a273c\u00bb][\/et_pb_button][\/et_pb_column][\/et_pb_row][\/et_pb_section][et_pb_section fb_built=\u00bb1&#8243; custom_padding_last_edited=\u00bbon|phone\u00bb admin_label=\u00bbMethod\u00bb module_id=\u00bbPor_que_elegirnos\u00bb _builder_version=\u00bb4.27.4&#8243; _module_preset=\u00bbdefault\u00bb background_color=\u00bbrgba(10,39,60,0.1)\u00bb custom_margin=\u00bb0px||0px||false|false\u00bb custom_padding=\u00bb100px||100px||true|false\u00bb custom_padding_tablet=\u00bb100px||100px||false|false\u00bb custom_padding_phone=\u00bb30px||90px||false|false\u00bb locked=\u00bboff\u00bb collapsed=\u00bboff\u00bb global_colors_info=\u00bb{}\u00bb][et_pb_row column_structure=\u00bb1_3,1_3,1_3&#8243; use_custom_gutter=\u00bbon\u00bb gutter_width=\u00bb2&#8243; custom_padding_last_edited=\u00bbon|phone\u00bb _builder_version=\u00bb4.27.4&#8243; _module_preset=\u00bbdefault\u00bb width=\u00bb95%\u00bb max_width=\u00bb95%\u00bb custom_padding_tablet=\u00bb\u00bb custom_padding_phone=\u00bb|2%||2%|false|true\u00bb animation_style=\u00bbfade\u00bb animation_delay=\u00bb500ms\u00bb collapsed=\u00bbon\u00bb global_colors_info=\u00bb{}\u00bb][et_pb_column type=\u00bb1_3&#8243; _builder_version=\u00bb4.27.4&#8243; _module_preset=\u00bbdefault\u00bb animation_direction=\u00bbleft\u00bb global_colors_info=\u00bb{}\u00bb][et_pb_text _builder_version=\u00bb4.27.4&#8243; _module_preset=\u00bbdefault\u00bb text_letter_spacing=\u00bb-0.5px\u00bb header_3_font=\u00bbManrope||||||||\u00bb header_3_text_align=\u00bbleft\u00bb header_3_text_color=\u00bb#0a273c\u00bb header_3_font_size=\u00bb26px\u00bb header_3_line_height=\u00bb1.2em\u00bb custom_margin=\u00bb0px||5px||false|false\u00bb custom_margin_tablet=\u00bb|||0px|false|false\u00bb custom_margin_phone=\u00bb|||0px|false|false\u00bb custom_margin_last_edited=\u00bbon|tablet\u00bb custom_padding=\u00bb0px||0px||false|false\u00bb global_colors_info=\u00bb{}\u00bb]<\/p>\n<h3>Nuestro prop\u00f3sito<\/h3>\n<p>[\/et_pb_text][et_pb_text _builder_version=\u00bb4.27.4&#8243; _module_preset=\u00bbdefault\u00bb text_font=\u00bbManrope||||||||\u00bb text_text_color=\u00bb#7d7d7e\u00bb text_font_size=\u00bb17px\u00bb text_letter_spacing=\u00bb-0.5px\u00bb text_line_height=\u00bb1.5em\u00bb max_width_tablet=\u00bb220px\u00bb max_width_phone=\u00bb100%\u00bb max_width_last_edited=\u00bbon|phone\u00bb custom_margin=\u00bb0px||0px||false|false\u00bb custom_margin_tablet=\u00bb0px||70px||false|false\u00bb custom_margin_phone=\u00bb||0px||false|false\u00bb custom_margin_last_edited=\u00bbon|tablet\u00bb custom_padding=\u00bb0px||0px||false|false\u00bb global_colors_info=\u00bb{}\u00bb]<\/p>\n<p>Abordamos la crisis de la vivienda asequible con un enfoque hol\u00edstico, modular y ecol\u00f3gico. En lugar de abordar solo los s\u00edntomas, reestructuramos los sistemas subyacentes, lo que permite una construcci\u00f3n r\u00e1pida, eficiente y socialmente inclusiva. Nuestra misi\u00f3n es reimaginar la vivienda como un derecho universal: inteligente, eficiente en el uso de recursos y construida para durar.<\/p>\n<p>[\/et_pb_text][\/et_pb_column][et_pb_column type=\u00bb1_3&#8243; _builder_version=\u00bb4.27.4&#8243; _module_preset=\u00bbdefault\u00bb animation_direction=\u00bbleft\u00bb global_colors_info=\u00bb{}\u00bb][et_pb_text _builder_version=\u00bb4.27.4&#8243; _module_preset=\u00bbdefault\u00bb text_letter_spacing=\u00bb-0.5px\u00bb header_3_font=\u00bbManrope||||||||\u00bb header_3_text_align=\u00bbleft\u00bb header_3_text_color=\u00bb#0a273c\u00bb header_3_font_size=\u00bb26px\u00bb header_3_line_height=\u00bb1.2em\u00bb custom_margin=\u00bb0px||5px|10px|false|false\u00bb custom_margin_tablet=\u00bb|||0px|false|false\u00bb custom_margin_phone=\u00bb|||0px|false|false\u00bb custom_margin_last_edited=\u00bbon|tablet\u00bb custom_padding=\u00bb0px||0px||false|false\u00bb global_colors_info=\u00bb{}\u00bb]<\/p>\n<h3>Quienes somos<\/h3>\n<p>[\/et_pb_text][et_pb_text _builder_version=\u00bb4.27.4&#8243; _module_preset=\u00bbdefault\u00bb text_font=\u00bbManrope||||||||\u00bb text_text_color=\u00bb#7d7d7e\u00bb text_font_size=\u00bb17px\u00bb text_line_height=\u00bb1.5em\u00bb max_width_tablet=\u00bb220px\u00bb max_width_phone=\u00bb100%\u00bb max_width_last_edited=\u00bbon|phone\u00bb custom_margin=\u00bb0px||0px|10px|false|false\u00bb custom_margin_tablet=\u00bb||70px|0px|false|false\u00bb custom_margin_phone=\u00bb||0px||false|false\u00bb custom_margin_last_edited=\u00bbon|tablet\u00bb custom_padding=\u00bb0px||0px||false|false\u00bb hover_enabled=\u00bb0&#8243; global_colors_info=\u00bb{}\u00bb sticky_enabled=\u00bb0&#8243;]<\/p>\n<p>Quader es una empresa que combina conocimiento global del sector inmobiliario y del sector para ofrecer soluciones de vivienda asequible para familias, estudiantes y empleados.<\/p>\n<p>Todos estos grupos necesitan soluciones de vivienda inteligente que ofrecemos a gran escala para que la escasez de vivienda se pueda abordar de forma r\u00e1pida, eficiente y asequible.<\/p>\n<p>[\/et_pb_text][\/et_pb_column][et_pb_column type=\u00bb1_3&#8243; _builder_version=\u00bb4.27.4&#8243; _module_preset=\u00bbdefault\u00bb animation_direction=\u00bbleft\u00bb global_colors_info=\u00bb{}\u00bb][et_pb_text _builder_version=\u00bb4.27.4&#8243; _module_preset=\u00bbdefault\u00bb text_letter_spacing=\u00bb-0.5px\u00bb header_3_font=\u00bbManrope||||||||\u00bb header_3_text_align=\u00bbleft\u00bb header_3_text_color=\u00bb#0a273c\u00bb header_3_font_size=\u00bb26px\u00bb header_3_line_height=\u00bb1.2em\u00bb max_width=\u00bb200px\u00bb custom_margin=\u00bb0px||5px|30px|false|false\u00bb custom_margin_tablet=\u00bb|||0px|false|false\u00bb custom_margin_phone=\u00bb|||0px|false|false\u00bb custom_margin_last_edited=\u00bbon|tablet\u00bb custom_padding=\u00bb0px||0px||false|false\u00bb global_colors_info=\u00bb{}\u00bb]<\/p>\n<h3>Lo que ofrecemos<\/h3>\n<p>[\/et_pb_text][et_pb_text _builder_version=\u00bb4.27.4&#8243; _module_preset=\u00bbdefault\u00bb text_font=\u00bbManrope||||||||\u00bb text_text_color=\u00bb#7d7d7e\u00bb text_font_size=\u00bb17px\u00bb text_line_height=\u00bb1.5em\u00bb max_width=\u00bb620px\u00bb max_width_tablet=\u00bb220px\u00bb max_width_phone=\u00bb100%\u00bb max_width_last_edited=\u00bbon|phone\u00bb custom_margin=\u00bb0px||0px|30px|false|false\u00bb custom_margin_tablet=\u00bb|||0px|false|false\u00bb custom_margin_phone=\u00bb||0px||false|false\u00bb custom_margin_last_edited=\u00bbon|tablet\u00bb custom_padding=\u00bb0px||0px||false|false\u00bb global_colors_info=\u00bb{}\u00bb]<\/p>\n<p>Nuestros conceptos de vivienda unen excelencia arquitect\u00f3nica, eficiencia industrial y financiaci\u00f3n innovadora. Pueden ser modulares 3D o de pared 2D y, lo m\u00e1s importante, son r\u00e1pidos de instalar y listos para entrar a vivir: ideales para quienes buscan abordar la escasez de vivienda, la vivienda para empleos y soluciones de vivienda asequibles.<\/p>\n<p>[\/et_pb_text][\/et_pb_column][\/et_pb_row][\/et_pb_section][et_pb_section fb_built=\u00bb1&#8243; _builder_version=\u00bb4.27.4&#8243; _module_preset=\u00bbdefault\u00bb animation_style=\u00bbfade\u00bb animation_delay=\u00bb500ms\u00bb locked=\u00bboff\u00bb collapsed=\u00bbon\u00bb global_colors_info=\u00bb{}\u00bb][et_pb_row _builder_version=\u00bb4.27.4&#8243; _module_preset=\u00bbdefault\u00bb width=\u00bb90%\u00bb max_width=\u00bb90%\u00bb global_colors_info=\u00bb{}\u00bb][et_pb_column type=\u00bb4_4&#8243; _builder_version=\u00bb4.27.4&#8243; _module_preset=\u00bbdefault\u00bb global_colors_info=\u00bb{}\u00bb][et_pb_text _builder_version=\u00bb4.27.4&#8243; _module_preset=\u00bbdefault\u00bb header_2_font=\u00bbManrope|300|||||||\u00bb header_2_text_color=\u00bb#191919&#8243; header_2_font_size=\u00bb48px\u00bb max_width=\u00bb540px\u00bb module_alignment=\u00bbcenter\u00bb custom_margin=\u00bb||0.5%||false|false\u00bb custom_padding=\u00bb||0px||false|false\u00bb header_2_font_size_tablet=\u00bb48px\u00bb header_2_font_size_phone=\u00bb40px\u00bb header_2_font_size_last_edited=\u00bbon|phone\u00bb global_colors_info=\u00bb{}\u00bb]<\/p>\n<h2 style=\"text-align: center;\">Construyamos juntos el futuro de la vivienda<\/h2>\n<p>[\/et_pb_text][et_pb_text _builder_version=\u00bb4.27.4&#8243; _module_preset=\u00bbdefault\u00bb text_font=\u00bbManrope|300|||||||\u00bb text_font_size=\u00bb24px\u00bb text_line_height=\u00bb1.2em\u00bb max_width=\u00bb640px\u00bb module_alignment=\u00bbcenter\u00bb custom_margin=\u00bb0px||||false|false\u00bb custom_padding=\u00bb0px||||false|false\u00bb text_font_size_tablet=\u00bb24px\u00bb text_font_size_phone=\u00bb18px\u00bb text_font_size_last_edited=\u00bbon|phone\u00bb global_colors_info=\u00bb{}\u00bb]<\/p>\n<p style=\"text-align: center;\">Cu\u00e9ntanos qu\u00e9 necesitas y nuestro equipo te acompa\u00f1ar\u00e1 desde la idea inicial hasta la entrega final.<\/p>\n<p>[\/et_pb_text][et_pb_button button_url=\u00bbhttps:\/\/quadergroup.com\/es\/contacto\/\u00bb button_text=\u00bbCont\u00e1ctanos\u00bb button_alignment=\u00bbcenter\u00bb _builder_version=\u00bb4.27.4&#8243; _module_preset=\u00bbdefault\u00bb custom_button=\u00bbon\u00bb button_text_size=\u00bb17px\u00bb button_text_color=\u00bb#FFFFFF\u00bb button_bg_color=\u00bb#0A273C\u00bb button_border_width=\u00bb1px\u00bb button_border_color=\u00bb#0a273c\u00bb button_border_radius=\u00bb0px\u00bb button_letter_spacing=\u00bb-0.5px\u00bb button_font=\u00bbManrope|700|||||||\u00bb button_use_icon=\u00bboff\u00bb custom_margin=\u00bb4%|16px|0px|0px|false|false\u00bb custom_margin_tablet=\u00bb0px|16px|0px|0px|false|false\u00bb custom_margin_phone=\u00bb0px|16px|30px|0px|false|false\u00bb custom_margin_last_edited=\u00bbon|phone\u00bb custom_padding=\u00bb17px|32px|17px|32px|true|true\u00bb animation_style=\u00bbslide\u00bb animation_direction=\u00bbbottom\u00bb animation_delay=\u00bb100ms\u00bb animation_intensity_slide=\u00bb10%\u00bb animation_speed_curve=\u00bbease\u00bb global_colors_info=\u00bb{}\u00bb button_bg_color__hover_enabled=\u00bbon|hover\u00bb button_bg_color__hover=\u00bbRGBA(255,255,255,0)\u00bb button_bg_enable_color__hover=\u00bbon\u00bb button_text_color__hover_enabled=\u00bbon|hover\u00bb button_text_color__hover=\u00bb#0a273c\u00bb button_letter_spacing__hover_enabled=\u00bbon|hover\u00bb button_letter_spacing__hover=\u00bb0px\u00bb button_border_color__hover_enabled=\u00bbon|hover\u00bb button_border_color__hover=\u00bb#0a273c\u00bb][\/et_pb_button][\/et_pb_column][\/et_pb_row][\/et_pb_section]<\/p>\n","protected":false},"excerpt":{"rendered":"<p>QUADER ofrece soluciones de vivienda inteligentes e innovadorasConstrucci\u00f3n en serie de madera para m\u00e9todos de construcci\u00f3n sostenibles y flexiblesLos m\u00f3dulos 3D o las secciones de pared 2D prefabricados industrialmente y producidos en serie se fabrican en un corto per\u00edodo de tiempo y se ensamblan listos para usar, en la f\u00e1brica o en el sitio, en [&hellip;]<\/p>\n","protected":false},"author":1,"featured_media":0,"parent":0,"menu_order":0,"comment_status":"closed","ping_status":"closed","template":"","meta":{"_et_pb_use_builder":"on","_et_pb_old_content":"","_et_gb_content_width":"","footnotes":""},"class_list":["post-691","page","type-page","status-publish","hentry"],"yoast_head":"<!-- This site is optimized with the Yoast SEO plugin v26.8 - https:\/\/yoast.com\/product\/yoast-seo-wordpress\/ -->\n<title>Soluciones innovadoras de vivienda | Quader<\/title>\n<meta name=\"description\" content=\"QUADER redefine la vivienda con enfoques modulares y ecol\u00f3gicos. Soluciones accesibles para familias y empleados.\" \/>\n<meta name=\"robots\" content=\"index, follow, max-snippet:-1, max-image-preview:large, max-video-preview:-1\" \/>\n<link rel=\"canonical\" href=\"https:\/\/quadergroup.com\/es\/sobre-nosotros\/\" \/>\n<meta property=\"og:locale\" content=\"es_ES\" \/>\n<meta property=\"og:type\" content=\"article\" \/>\n<meta property=\"og:title\" content=\"Soluciones innovadoras de vivienda | Quader\" \/>\n<meta property=\"og:description\" content=\"QUADER redefine la vivienda con enfoques modulares y ecol\u00f3gicos. Soluciones accesibles para familias y empleados.\" \/>\n<meta property=\"og:url\" content=\"https:\/\/quadergroup.com\/es\/sobre-nosotros\/\" \/>\n<meta property=\"og:site_name\" content=\"Quader\" \/>\n<meta property=\"article:modified_time\" content=\"2025-11-13T10:23:21+00:00\" \/>\n<meta name=\"twitter:card\" content=\"summary_large_image\" \/>\n<meta name=\"twitter:label1\" content=\"Tiempo de lectura\" \/>\n\t<meta name=\"twitter:data1\" content=\"11 minutos\" \/>\n<script type=\"application\/ld+json\" class=\"yoast-schema-graph\">{\"@context\":\"https:\/\/schema.org\",\"@graph\":[{\"@type\":\"WebPage\",\"@id\":\"https:\/\/quadergroup.com\/es\/sobre-nosotros\/\",\"url\":\"https:\/\/quadergroup.com\/es\/sobre-nosotros\/\",\"name\":\"Soluciones innovadoras de vivienda | Quader\",\"isPartOf\":{\"@id\":\"https:\/\/quadergroup.com\/es\/#website\"},\"datePublished\":\"2025-09-17T12:44:18+00:00\",\"dateModified\":\"2025-11-13T10:23:21+00:00\",\"description\":\"QUADER redefine la vivienda con enfoques modulares y ecol\u00f3gicos. Soluciones accesibles para familias y empleados.\",\"breadcrumb\":{\"@id\":\"https:\/\/quadergroup.com\/es\/sobre-nosotros\/#breadcrumb\"},\"inLanguage\":\"es\",\"potentialAction\":[{\"@type\":\"ReadAction\",\"target\":[\"https:\/\/quadergroup.com\/es\/sobre-nosotros\/\"]}]},{\"@type\":\"BreadcrumbList\",\"@id\":\"https:\/\/quadergroup.com\/es\/sobre-nosotros\/#breadcrumb\",\"itemListElement\":[{\"@type\":\"ListItem\",\"position\":1,\"name\":\"Home\",\"item\":\"https:\/\/quadergroup.com\/es\/\"},{\"@type\":\"ListItem\",\"position\":2,\"name\":\"Sobre nosotros\"}]},{\"@type\":\"WebSite\",\"@id\":\"https:\/\/quadergroup.com\/es\/#website\",\"url\":\"https:\/\/quadergroup.com\/es\/\",\"name\":\"Quader\",\"description\":\"Smart Living Solutions\",\"potentialAction\":[{\"@type\":\"SearchAction\",\"target\":{\"@type\":\"EntryPoint\",\"urlTemplate\":\"https:\/\/quadergroup.com\/es\/?s={search_term_string}\"},\"query-input\":{\"@type\":\"PropertyValueSpecification\",\"valueRequired\":true,\"valueName\":\"search_term_string\"}}],\"inLanguage\":\"es\"}]}<\/script>\n<!-- \/ Yoast SEO plugin. -->","yoast_head_json":{"title":"Soluciones innovadoras de vivienda | Quader","description":"QUADER redefine la vivienda con enfoques modulares y ecol\u00f3gicos. Soluciones accesibles para familias y empleados.","robots":{"index":"index","follow":"follow","max-snippet":"max-snippet:-1","max-image-preview":"max-image-preview:large","max-video-preview":"max-video-preview:-1"},"canonical":"https:\/\/quadergroup.com\/es\/sobre-nosotros\/","og_locale":"es_ES","og_type":"article","og_title":"Soluciones innovadoras de vivienda | Quader","og_description":"QUADER redefine la vivienda con enfoques modulares y ecol\u00f3gicos. Soluciones accesibles para familias y empleados.","og_url":"https:\/\/quadergroup.com\/es\/sobre-nosotros\/","og_site_name":"Quader","article_modified_time":"2025-11-13T10:23:21+00:00","twitter_card":"summary_large_image","twitter_misc":{"Tiempo de lectura":"11 minutos"},"schema":{"@context":"https:\/\/schema.org","@graph":[{"@type":"WebPage","@id":"https:\/\/quadergroup.com\/es\/sobre-nosotros\/","url":"https:\/\/quadergroup.com\/es\/sobre-nosotros\/","name":"Soluciones innovadoras de vivienda | Quader","isPartOf":{"@id":"https:\/\/quadergroup.com\/es\/#website"},"datePublished":"2025-09-17T12:44:18+00:00","dateModified":"2025-11-13T10:23:21+00:00","description":"QUADER redefine la vivienda con enfoques modulares y ecol\u00f3gicos. Soluciones accesibles para familias y empleados.","breadcrumb":{"@id":"https:\/\/quadergroup.com\/es\/sobre-nosotros\/#breadcrumb"},"inLanguage":"es","potentialAction":[{"@type":"ReadAction","target":["https:\/\/quadergroup.com\/es\/sobre-nosotros\/"]}]},{"@type":"BreadcrumbList","@id":"https:\/\/quadergroup.com\/es\/sobre-nosotros\/#breadcrumb","itemListElement":[{"@type":"ListItem","position":1,"name":"Home","item":"https:\/\/quadergroup.com\/es\/"},{"@type":"ListItem","position":2,"name":"Sobre nosotros"}]},{"@type":"WebSite","@id":"https:\/\/quadergroup.com\/es\/#website","url":"https:\/\/quadergroup.com\/es\/","name":"Quader","description":"Smart Living Solutions","potentialAction":[{"@type":"SearchAction","target":{"@type":"EntryPoint","urlTemplate":"https:\/\/quadergroup.com\/es\/?s={search_term_string}"},"query-input":{"@type":"PropertyValueSpecification","valueRequired":true,"valueName":"search_term_string"}}],"inLanguage":"es"}]}},"_links":{"self":[{"href":"https:\/\/quadergroup.com\/es\/wp-json\/wp\/v2\/pages\/691","targetHints":{"allow":["GET"]}}],"collection":[{"href":"https:\/\/quadergroup.com\/es\/wp-json\/wp\/v2\/pages"}],"about":[{"href":"https:\/\/quadergroup.com\/es\/wp-json\/wp\/v2\/types\/page"}],"author":[{"embeddable":true,"href":"https:\/\/quadergroup.com\/es\/wp-json\/wp\/v2\/users\/1"}],"replies":[{"embeddable":true,"href":"https:\/\/quadergroup.com\/es\/wp-json\/wp\/v2\/comments?post=691"}],"version-history":[{"count":3,"href":"https:\/\/quadergroup.com\/es\/wp-json\/wp\/v2\/pages\/691\/revisions"}],"predecessor-version":[{"id":767,"href":"https:\/\/quadergroup.com\/es\/wp-json\/wp\/v2\/pages\/691\/revisions\/767"}],"wp:attachment":[{"href":"https:\/\/quadergroup.com\/es\/wp-json\/wp\/v2\/media?parent=691"}],"curies":[{"name":"wp","href":"https:\/\/api.w.org\/{rel}","templated":true}]}}